{"id":15203,"date":"2020-02-18T12:35:11","date_gmt":"2020-02-18T20:35:11","guid":{"rendered":"https:\/\/wou.edu\/english\/?page_id=15203"},"modified":"2026-04-14T10:23:39","modified_gmt":"2026-04-14T17:23:39","slug":"first-year-writing-unbound","status":"publish","type":"page","link":"https:\/\/wou.edu\/english\/first-year-writing\/first-year-writing-unbound\/","title":{"rendered":"Unbound: A First-Year Writing Anthology"},"content":{"rendered":"<h2 style=\"text-align: center\"><a href=\"https:\/\/wou.edu\/english\/files\/2020\/04\/twoColorLogoVariantB.png\"><img loading=\"lazy\" decoding=\"async\" class=\"aligncenter wp-image-15396\" src=\"https:\/\/wou.edu\/english\/files\/2020\/04\/twoColorLogoVariantB-300x185.png\" alt=\"\" width=\"492\" height=\"304\" srcset=\"https:\/\/wou.edu\/english\/files\/2020\/04\/twoColorLogoVariantB-300x185.png 300w, https:\/\/wou.edu\/english\/files\/2020\/04\/twoColorLogoVariantB-768x474.png 768w, https:\/\/wou.edu\/english\/files\/2020\/04\/twoColorLogoVariantB.png 800w\" sizes=\"(max-width: 492px) 100vw, 492px\" \/><\/a><\/h2>\n<p>Western Oregon University\u2019s First-Year Writing Program publishes <i>Unbound: A First-Year Writing Anthology<\/i>, a digital collection of the exemplary work produced by students enrolled in WR 121z and WR 122z (Composition 1 and Composition 2). <i>Unbound: A First-Year Writing Anthology<\/i> celebrates the creative thinking, sophisticated prose, and impressive inquiry projects taken on by our students. The work in this anthology includes compositions in a range of genres and modalities, showcasing their identities as writers.\u00a0 To download a paper, click on the title. Student papers will download as fully accessible PDFs. If you identify an accessibility issue with a student paper, please contact Samantha Morgan at morgansam@mail.wou.edu. The views and opinions expressed by students in <em>Unbound<\/em> are those of the authors and do not necessarily reflect the official policy or position of Western Oregon University.<\/p>\n<hr \/>\n<h1 style=\"text-align: center\">Volume 6<\/h1>\n<h5 style=\"text-align: left\"><a href=\"https:\/\/cdn.wou.edu\/english\/files\/2025\/05\/Bosse-1-scaled.jpeg\"><img loading=\"lazy\" decoding=\"async\" class=\"wp-image-22972 alignleft\" src=\"https:\/\/cdn.wou.edu\/english\/files\/2025\/05\/Bosse-1-225x300.jpeg\" alt=\"\" width=\"216\" height=\"288\" srcset=\"https:\/\/wou.edu\/english\/files\/2025\/05\/Bosse-1-225x300.jpeg 225w, https:\/\/wou.edu\/english\/files\/2025\/05\/Bosse-1-768x1024.jpeg 768w, https:\/\/wou.edu\/english\/files\/2025\/05\/Bosse-1-1152x1536.jpeg 1152w, https:\/\/wou.edu\/english\/files\/2025\/05\/Bosse-1-1536x2048.jpeg 1536w, https:\/\/wou.edu\/english\/files\/2025\/05\/Bosse-1-1080x1440.jpeg 1080w, https:\/\/wou.edu\/english\/files\/2025\/05\/Bosse-1-scaled.jpeg 1920w\" sizes=\"(max-width: 216px) 100vw, 216px\" \/><\/a><span style=\"color: #c91a1a\"><a style=\"color: #c91a1a\" href=\"https:\/\/cdn.wou.edu\/english\/files\/2025\/05\/Bosse_Bribery-The-Key-to-Literary-Success_FINAl.pdf\">Bribery: The Key to Literary Success<\/a><\/span><a href=\"https:\/\/cdn.wou.edu\/english\/files\/2025\/05\/Bosse-1-scaled.jpeg\"><br \/>\n<\/a><\/h5>\n<p><strong>Author: <\/strong>Danielle Boss\u00e9<\/p>\n<p><strong>Course: <\/strong>WR 121Z<\/p>\n<p><strong>Instructor: <\/strong>Matt Haas<\/p>\n<p><strong>Abstract: \u201c<\/strong>Bribery: The Key to Literary Success\u201d is a comical, conversational journey from one human to another about the tips, tricks, and trials of motivating to complete a writing assignment before the last minute. This piece, and the subsequent wisdom it tries to impart, comes from a lifetime battle with procrastination and a recent diagnosis of ADHD.<\/p>\n<p><strong>Bio English:<\/strong> Danielle is a born and raised Oregonian whose love of reading began with her discovery of Twilight at ten years old. She is an Auntie to two precious little humans and two gigantic fluffy dogs, a Licensed Massage Therapist (LMT), and a full-time student at WOU, majoring in Psychology and minoring in Biology. She loves to paint, draw, read novels, write and, like any self-respecting Oregonian, she loves to be outside.<\/p>\n<p><strong>Bio Espa\u00f1ol:<\/strong> Danielle creci\u00f3 en Oregon y empez\u00f3 a amar los libros cuando le\u00ed \u201cTwilight\u201d cuando ten\u00eda diez a\u00f1os. Es t\u00eda de dos ni\u00f1as tan chiquitas y dos perritos gigantes, es una terapista de masajes, y una estudiante de WOU. Su especializaci\u00f3n es de psicolog\u00eda y su especializaci\u00f3n secundaria es de biolog\u00eda. Le encanta pintar, dibujar, leer, y escribir. Tambi\u00e9n le encanta estar fuera de casa como cualquier Oregonian.<\/p>\n<p><strong>Keywords: <\/strong>Procrastination, Psychology, Rewards, Writing Process, Writing Product, Personal Essay, Composition, Behaviorism<\/p>\n<h1><\/h1>\n<h5><strong><a href=\"https:\/\/cdn.wou.edu\/english\/files\/2025\/05\/Hays-scaled.jpg\"><img loading=\"lazy\" decoding=\"async\" class=\"size-medium wp-image-22966 alignleft\" src=\"https:\/\/cdn.wou.edu\/english\/files\/2025\/05\/Hays-225x300.jpg\" alt=\"\" width=\"225\" height=\"300\" srcset=\"https:\/\/wou.edu\/english\/files\/2025\/05\/Hays-225x300.jpg 225w, https:\/\/wou.edu\/english\/files\/2025\/05\/Hays-768x1024.jpg 768w, https:\/\/wou.edu\/english\/files\/2025\/05\/Hays-1152x1536.jpg 1152w, https:\/\/wou.edu\/english\/files\/2025\/05\/Hays-1536x2048.jpg 1536w, https:\/\/wou.edu\/english\/files\/2025\/05\/Hays-1080x1440.jpg 1080w, https:\/\/wou.edu\/english\/files\/2025\/05\/Hays-scaled.jpg 1920w\" sizes=\"(max-width: 225px) 100vw, 225px\" \/><\/a><\/strong><span style=\"color: #c91a1a\"><a style=\"color: #c91a1a\" href=\"https:\/\/cdn.wou.edu\/english\/files\/2025\/05\/Hays_Ethics-in-Plagiarism_FINAL.pdf\">Writing Constructs: Ethics in Plagiarism<\/a><\/span><\/h5>\n<p><strong>Author: <\/strong>Oliver Hays<\/p>\n<p><strong>Course:<\/strong> WR 121Z<\/p>\n<p><strong>Instructor:\u00a0<\/strong>Wesley Mathis<\/p>\n<p><strong>Abstract: <\/strong>\u201cEthics in Plagiarism\u201d\u00a0tries to take a closer look at our preconceived notions of plagiarism as a facet of academic honesty, and sees if they really hold up in a post-internet world. The essay tries to see how the definitions we use to describe plagiarism support some systems and discourage others and challenges that the stated goals of plagiarism\u2019s current definitions aren&#8217;t supported in practice as much as in theory.<\/p>\n<p><strong>Bio: <\/strong>Oliver Hays is a junior studying art at Western Oregon University after transferring from the computer science program and bouncing between colleges trying to find the right fit. Raised by educators, they&#8217;ve always been passionate about how educational institutions and systems are run, which inspired the deeper dive on plagiarism presented in this essay, combining their two interests in code and art. Oliver plans to take their art degree into the world combining art and writing as a concept artist if possible, combining their passion for worldbuilding with their love for creative expression. They love all things creative, such as music, painting, design, writing, and much more.<\/p>\n<p><strong>Keywords: <\/strong>Plagiarism, AI, Generative AI, Similarity, ESOL, Ethics, Ownership of Ideas, Academic Dishonesty, Equity, Access<\/p>\n<p>&nbsp;<\/p>\n<h5><strong><a href=\"https:\/\/cdn.wou.edu\/english\/files\/2025\/05\/Roedel-rotated.jpg\"><img loading=\"lazy\" decoding=\"async\" class=\" wp-image-22968 alignleft\" src=\"https:\/\/cdn.wou.edu\/english\/files\/2025\/05\/Roedel-225x300.jpg\" alt=\"\" width=\"239\" height=\"319\" srcset=\"https:\/\/wou.edu\/english\/files\/2025\/05\/Roedel-225x300.jpg 225w, https:\/\/wou.edu\/english\/files\/2025\/05\/Roedel-768x1024.jpg 768w, https:\/\/wou.edu\/english\/files\/2025\/05\/Roedel-1152x1536.jpg 1152w, https:\/\/wou.edu\/english\/files\/2025\/05\/Roedel-1536x2048.jpg 1536w, https:\/\/wou.edu\/english\/files\/2025\/05\/Roedel-1080x1440.jpg 1080w, https:\/\/wou.edu\/english\/files\/2025\/05\/Roedel-rotated.jpg 1728w\" sizes=\"(max-width: 239px) 100vw, 239px\" \/><\/a><\/strong><span style=\"color: #c91a1a\"><a style=\"color: #c91a1a\" href=\"https:\/\/cdn.wou.edu\/english\/files\/2025\/05\/Roedel_Profanity-in-Academic-Writing_FINAL.pdf\">Profanity in Academic Writing<\/a><\/span><\/h5>\n<p><strong>Author: <\/strong>Kiera Roedel<\/p>\n<p><strong>Course:\u00a0<\/strong>WR 121Z<\/p>\n<p><strong>Instructor:\u00a0<\/strong>Wesley Mathis<\/p>\n<p><strong>Abstract: <\/strong>This essay refutes the premise that profanity should be avoided at all costs in academic writing. It explores the nature of &#8220;unacceptable&#8221; language and presents relevant uses and contexts for profane language across various forms of academic inquiry.<\/p>\n<p><strong>Bio: <\/strong>I am Kiera Roedel, currently a first-year political science major with a minor in English Studies. A lifelong Oregonian, I wish to eventually work in public administration to help those who need it most. I love music, writing, and old sitcoms.<\/p>\n<p><strong>Keywords: <\/strong>Profanity, Academic Writing, Scholarly Writing, Bad Language, Swearing, Slang, Composition, Correctness<\/p>\n<h5><strong><a href=\"https:\/\/cdn.wou.edu\/english\/files\/2025\/05\/Wallace.jpeg\"><img loading=\"lazy\" decoding=\"async\" class=\" wp-image-22970 alignleft\" src=\"https:\/\/cdn.wou.edu\/english\/files\/2025\/05\/Wallace-202x300.jpeg\" alt=\"\" width=\"210\" height=\"312\" srcset=\"https:\/\/wou.edu\/english\/files\/2025\/05\/Wallace-202x300.jpeg 202w, https:\/\/wou.edu\/english\/files\/2025\/05\/Wallace-688x1024.jpeg 688w, https:\/\/wou.edu\/english\/files\/2025\/05\/Wallace-768x1143.jpeg 768w, https:\/\/wou.edu\/english\/files\/2025\/05\/Wallace-1032x1536.jpeg 1032w, https:\/\/wou.edu\/english\/files\/2025\/05\/Wallace.jpeg 1075w\" sizes=\"(max-width: 210px) 100vw, 210px\" \/><\/a><span style=\"color: #c91a1a\"><a style=\"color: #c91a1a\" href=\"https:\/\/cdn.wou.edu\/english\/files\/2025\/05\/Wallace_The-Reality-of-Perfectionism_FINAL.pdf\">The Reality of Perfectionism<\/a><\/span><br \/>\n<\/strong><\/h5>\n<p><strong>Author:\u00a0<\/strong>Jenna Wallace<\/p>\n<p><strong>Course:\u00a0<\/strong>WR 121Z<\/p>\n<p><strong>Instructor: <\/strong>Tandy Tillinghast<\/p>\n<p><strong>Abstract: <\/strong>This essay explores the realities of perfectionism, and how I have grown to learn to battle this challenge. After receiving an OCD diagnosis, I wanted to explore how this disorder impacted my schoolwork and education. This essay highlights important ideas I learned, as well as impactful figures throughout my years in school. My writing illustrates the good, bad, and ugly of obsessive-compulsive disorder, and how it has silently impacted me over the years.<\/p>\n<p><strong>Bio: <\/strong>Hello! My name is Jenna Wallace and I am a first year student here at WOU. I am majoring in Psychology with a minor in Exercise Science with hopes of becoming a Pediatric Occupational Therapist. I am from Sandy, Oregon, and chose WOU for its beautiful campus. In my spare time, I like to read, watch movies, and take naps. My ultimate goal in life is to make a difference any way I can!<\/p>\n<p><strong>Keywords: <\/strong>Perfectionism, Obsessive-compulsive Disorder, Writing Process, Drafting, First Draft, Personal Essay, Outlining, Pre-writing, Writing Myths, Writing Construct, Composition<\/p>\n<p>&nbsp;<\/p>\n<h5><strong><a href=\"https:\/\/cdn.wou.edu\/english\/files\/2025\/05\/Newbeck.jpeg\"><img loading=\"lazy\" decoding=\"async\" class=\" wp-image-22967 alignleft\" src=\"https:\/\/cdn.wou.edu\/english\/files\/2025\/05\/Newbeck-206x300.jpeg\" alt=\"\" width=\"240\" height=\"349\" srcset=\"https:\/\/wou.edu\/english\/files\/2025\/05\/Newbeck-206x300.jpeg 206w, https:\/\/wou.edu\/english\/files\/2025\/05\/Newbeck-705x1024.jpeg 705w, https:\/\/wou.edu\/english\/files\/2025\/05\/Newbeck-768x1116.jpeg 768w, https:\/\/wou.edu\/english\/files\/2025\/05\/Newbeck-1057x1536.jpeg 1057w, https:\/\/wou.edu\/english\/files\/2025\/05\/Newbeck-1080x1569.jpeg 1080w, https:\/\/wou.edu\/english\/files\/2025\/05\/Newbeck.jpeg 1170w\" sizes=\"(max-width: 240px) 100vw, 240px\" \/><\/a><span style=\"color: #c91a1a\"><a style=\"color: #c91a1a\" href=\"https:\/\/cdn.wou.edu\/english\/files\/2025\/05\/Newbeck_Bangle-Dangle-Line-and-Camp-Lexis-for-Success_FINAL.pdf\">Bangle, Dangle, Line, and Camp Lexis for Success<\/a><\/span><br \/>\n<\/strong><\/h5>\n<p><strong>Author: <\/strong>Emily Newbeck<\/p>\n<p><strong>Course:\u00a0<\/strong>WR 122Z<\/p>\n<p><strong>Instructor:\u00a0<\/strong>Samantha Morgan<\/p>\n<p><strong>Abstract: <\/strong>My essay is about the different dynamics facilitated through communication within the sport of volleyball. While the nonverbal communication of volleyball had been explored, there were little to no published works about the importance of verbal communication and volleyball-specific lexis. I grew up playing volleyball, and it is my favorite sport. I discovered how lexis contributes to success of teams on and off of the volleyball court, as well as how it contributes to the overall connection and culture of volleyball teams. This was provided through direct observation and survey of the WOU Club Volleyball Team.<\/p>\n<p><strong>Bio: <\/strong>My name is Emily\u00a0Newbeck. I am from Monmouth, Oregon, and have lived here my whole life. I chose Western because it is close to home and is a great school for future teachers. Growing up, I loved to play sports, and recently I have enjoyed the outdoors, baking, and seeing friends and family when I can. I plan to teach language arts at the high school level and go back to school to get my master\u2019s degree in administration to eventually become an administrator. I have always loved writing, and education as well as teaching are my biggest passions.<\/p>\n<p><strong>Keywords: <\/strong>Volleyball, communication, verbal communication, nonverbal communication, discourse community, lexis, group cohesion, strategy, performance.<\/p>\n<h5><strong><a href=\"https:\/\/cdn.wou.edu\/english\/files\/2025\/05\/Salazar-Ramos.jpeg\"><img loading=\"lazy\" decoding=\"async\" class=\" wp-image-22969 alignleft\" src=\"https:\/\/cdn.wou.edu\/english\/files\/2025\/05\/Salazar-Ramos-182x300.jpeg\" alt=\"\" width=\"195\" height=\"321\" srcset=\"https:\/\/wou.edu\/english\/files\/2025\/05\/Salazar-Ramos-182x300.jpeg 182w, https:\/\/wou.edu\/english\/files\/2025\/05\/Salazar-Ramos-623x1024.jpeg 623w, https:\/\/wou.edu\/english\/files\/2025\/05\/Salazar-Ramos-768x1263.jpeg 768w, https:\/\/wou.edu\/english\/files\/2025\/05\/Salazar-Ramos.jpeg 853w\" sizes=\"(max-width: 195px) 100vw, 195px\" \/><\/a><span style=\"color: #c91a1a\"><a style=\"color: #c91a1a\" href=\"https:\/\/cdn.wou.edu\/english\/files\/2025\/05\/Salazar_Between-Tongues_FINAL.pdf\">Between Tongues: Code-switching, Spanglish, and the Dual Identity of Young U.S. Hispanics\u00a0<\/a><\/span><br \/>\n<\/strong><\/h5>\n<p><strong>Author:\u00a0<\/strong>Arianna Salazar<\/p>\n<p><strong>Course:\u00a0<\/strong>WR 122Z<\/p>\n<p><strong>Instructor:\u00a0<\/strong>Matt Haas<\/p>\n<p><strong>Abstract: <\/strong>This paper explores the widespread use of code-switching and Spanglish among young Hispanic adults in the United States and how these linguistic practices impact their cultural identity. Drawing from personal experience and interviews, I examine how code-switching and Spanglish serve as important communication tools that reflect the complexities of living between two languages and cultures, rather than simply indicating a loss of fluency. This research shows that these linguistic habits help individuals maintain connections to their Hispanic heritage while adapting to their American surroundings.<\/p>\n<p><strong>Bio:\u00a0<\/strong>My name is Arianna Salazar, and I\u2019m originally from Venezuela. I\u2019m currently a first-year student at Western Oregon University, majoring in Criminal Justice with a minor in Legal Studies. My long-term goal is to attend law school and become a criminal defense attorney. Outside of academics, I run my own baking business, which lets me channel my creativity in a different way. I\u2019m also part of the WOU cheer team, which keeps me active and connected on campus. Balancing school, baking, and cheer has been a challenge, but it\u2019s taught me discipline, time management, and the importance of staying passionate in everything I do.<\/p>\n<p><strong>Keywords:\u00a0<\/strong>Spanglish, Code-switching, Hispanic Community, US Latinos, Composition, Cultural Identity, Language Norms, L1, L2, Bilingual.<\/p>\n","protected":false},"excerpt":{"rendered":"<p>Western Oregon University\u2019s First-Year Writing Program publishes Unbound: A First-Year Writing Anthology, a digital collection of the exemplary work produced by students enrolled in WR 121z and WR 122z (Composition 1 and Composition 2). Unbound: A First-Year Writing Anthology celebrates the creative thinking, sophisticated prose, and impressive inquiry projects taken on by our students. The [&hellip;]<\/p>\n","protected":false},"author":417,"featured_media":0,"parent":1056,"menu_order":0,"comment_status":"closed","ping_status":"closed","template":"","meta":{"_seopress_robots_primary_cat":"","_seopress_titles_title":"","_seopress_titles_desc":"","_seopress_robots_index":"","_lmt_disableupdate":"no","_lmt_disable":"","_et_pb_use_builder":"off","_et_pb_old_content":"","_et_gb_content_width":"","footnotes":"","_links_to":"","_links_to_target":""},"class_list":["post-15203","page","type-page","status-publish","hentry"],"_links":{"self":[{"href":"https:\/\/wou.edu\/english\/wp-json\/wp\/v2\/pages\/15203","targetHints":{"allow":["GET"]}}],"collection":[{"href":"https:\/\/wou.edu\/english\/wp-json\/wp\/v2\/pages"}],"about":[{"href":"https:\/\/wou.edu\/english\/wp-json\/wp\/v2\/types\/page"}],"author":[{"embeddable":true,"href":"https:\/\/wou.edu\/english\/wp-json\/wp\/v2\/users\/417"}],"replies":[{"embeddable":true,"href":"https:\/\/wou.edu\/english\/wp-json\/wp\/v2\/comments?post=15203"}],"version-history":[{"count":9,"href":"https:\/\/wou.edu\/english\/wp-json\/wp\/v2\/pages\/15203\/revisions"}],"predecessor-version":[{"id":22883,"href":"https:\/\/wou.edu\/english\/wp-json\/wp\/v2\/pages\/15203\/revisions\/22883"}],"up":[{"embeddable":true,"href":"https:\/\/wou.edu\/english\/wp-json\/wp\/v2\/pages\/1056"}],"wp:attachment":[{"href":"https:\/\/wou.edu\/english\/wp-json\/wp\/v2\/media?parent=15203"}],"curies":[{"name":"wp","href":"https:\/\/api.w.org\/{rel}","templated":true}]}}