{"id":4672,"date":"2019-03-12T22:06:18","date_gmt":"2019-03-13T05:06:18","guid":{"rendered":"http:\/\/www.wou.edu\/chemistry\/?page_id=4672"},"modified":"2019-03-12T22:44:54","modified_gmt":"2019-03-13T05:44:54","slug":"the-gluten-free-diet","status":"publish","type":"page","link":"https:\/\/wou.edu\/chemistry\/chemistry-degree\/student-activities-2\/chemistry-corner\/biochemistry-bites\/the-gluten-free-diet\/","title":{"rendered":"The Gluten-Free Diet"},"content":{"rendered":"<h1 id=\"medtop\">The Gluten-Free Diet<\/h1>\n<p><strong><span><span style=\"color: #000000\">By Alex Boynay<\/span><br \/>\n<\/span><\/strong><\/p>\n<h3><span><strong>Section 1: What is the Gluten-Free Diet?<\/strong><\/span><\/h3>\n<h3><span><strong>Section 2: Sample Diet Plan<\/strong><\/span><\/h3>\n<h3><span><strong>Section 3: What Do the Studies Show?<\/strong><\/span><\/h3>\n<h3><strong><span style=\"color: #e01414\">Section 4: Key Findings<\/span><\/strong><\/h3>\n<h3><span><strong>Section 5: References<\/strong><\/span><\/h3>\n<hr \/>\n<h3><span><strong>Section 1: What is the Gluten-Free Diet?<\/strong><\/span><\/h3>\n<h3><span><strong>Section 2: Sample Diet Plan<\/strong><\/span><\/h3>\n<p><span style=\"color: #000000\"><strong>Breakfast (298 calories)<\/strong><\/span><\/p>\n<p><span style=\"color: #000000\">2\/3 cup gluten-free oats in water, with \u00bd cup raspberries, 1 tbsp. sliced almonds, and 1 tsp. drizzle of honey<\/span><\/p>\n<p><span style=\"color: #000000\">A.M. Snack (50 calories)<\/span><\/p>\n<p><span style=\"color: #000000\">2 medium carrots<\/span><\/p>\n<p><span style=\"color: #000000\"><strong>Lunch (315 calories)<\/strong><\/span><\/p>\n<p><span style=\"color: #000000\">Tuna and white bean spinach salad<\/span><\/p>\n<p><span style=\"color: #000000\">P.M. Snack (47 calories)<\/span><\/p>\n<p><span style=\"color: #000000\">\u00bd apple<\/span><\/p>\n<p><span style=\"color: #000000\"><strong>Dinner (501 calories)<\/strong><\/span><\/p>\n<p><span style=\"color: #000000\">1 serving roast salmon, \u00bd cup cooked brown rice, \u00be cup steamed broccoli<\/span><\/p>\n<h3><span><strong>Section 3: What Do the Studies Show?<\/strong><\/span><\/h3>\n<p><span style=\"color: #000000\">With the gluten-free diet there is a lot of variability in the results of the studies. Most of the studies are focused on celiac patients. In many cases, there are severe consequences for celiac patients who do not follow a strict gluten-free diet, in particular individuals who are also diabetic. Recently, the diet has become popularized for the general population. There are many factors to consider with this diet, it does has some negative side effects but in some cases it does appear to promote weight loss, lower the risk of some diseases, and is able to lower LDL levels in the body. <\/span><\/p>\n<p><span style=\"color: #000000\">\u00a0\u00a0\u00a0 There are several biological markers to test the impact of the gluten-free diet on the body. These include cortisol levels, blood glucose, and the ratio of LDL\/HDL. Cortisol has several different effects on the body, it can be used to help control blood sugar levels, regulate metabolism, reduce inflammation, it\u2019s involved in the breakdown of lipids, and it\u2019s involved in regulating blood pressure (Talbott, 2007). One study found that celiac patients that followed a strict gluten-free diet had reduced cortisol levels, where not adhering to the diet could result in hypercorticism (Esposito, 2018), which results in the formation of a benign tumour that stimulates the production of cortisol. Blood glucose levels indicate the presence of glucose in the blood, where high levels can lead to diabetes. Gluten-free foods typically had a higher glycaemic index (Saadah et al., 2004), which results in higher levels of glucose in the blood. Accordingly, gluten-free foods had larger area under the curve (blood glucose) compared to their counterparts, with the exception of pasta and gluten-free pasta (Berti et al., 2004). \u00a0A study on kids with type I diabetes and the celiac disease found a significant increase in BMI and insulin dosage (Saadah et al., 2004). So there are important considerations for diabetics on the gluten-free diet. Another important biological marker is HDL\/LDL which relates to cholesterol. High amounts of LDL in the body can lead to the buildup of fatty deposits which can damage arteries and contribute to heart disease. One study investigated the effects of a gluten-free vegan diet on patients with rheumatoid arthritis, which resulted in changes that are possibly atheroprotective and reduce inflammation, they also found a <\/span><span><span style=\"color: #000000\">decrease in LDL and ratio of LDL\/HDL, as well as increased anti-PC IgM and IgA (Elkan et al., 2008), which are antibodies. IgA plays a role in immune function of mucous membranes and IgM is one of the first antibodies produced at the sign of infection.<\/span> <\/span><\/p>\n<p><span>\u00a0\u00a0\u00a0 <\/span><span><span style=\"color: #000000\">The gluten-free diet can also be examined based on its ability to prevent certain diseases, including diabetes, cancer, cardiovascular disease, and fatty liver disease. While there was a study mentioned previously regarding diabetic coeliacs, there may be some evidence to support the gluten-free diet being a preventative measure. One such example is a study done on rats and measuring amounts of microflora in their gut. The rats on the gluten-free diet were less likely to develop diabetes than the control, they also had lower levels of commensal microflora in their gut, which was lower in the nondiabetic mice than the diabetic mice (Hansen et al., 2005), which is possibly through immunological means as suggested in the study. There weren\u2019t as many other results on this topic, so while this study is on rats it would be interesting to see future studies on humans, with respect to diabetes prevention. The gluten-free diet has a more significant impact on cancer prevention in celiacs, as an older study found that celiac individuals, who did not strictly adhere to the gluten-free diet, had an increased risk of cancer in all sites (Holmes et al., 1989). Whereas another study found that gluten-free foods are typically deficient in dietary fibers, as well as some other vitamins and minerals which can play a role in cancer prevention (Vici et al., 2016). However, a careful diet or supplemental vitamins and minerals (ex. daily vitamin tablets) could help the latter. One study examined the risk of death associated with celiac patients based on small-intestine histopathology, they found that the two highest causes of death were from cardiovascular disease and malignancies (Ludvigsson et al., 2009). The latter relates to the study by Holmes et al., which found an increased risk of cancer in celiac patients who didn\u2019t stick to the gluten-free diet. In terms of cardiovascular disease, there were some risk factors associated with it that were found in 14% of CD subjects on the gluten-free diet in one study (Norsa et al., 2013). The most common of these include high fasting triglycerides, elevated blood pressure and high concentrations of calculated LDL cholesterol , while a very little percent was found with insulin resistance (Norsa et al., 2013). This conflicts with the previous study that found that the gluten-free diet resulted in lower levels of LDL. In terms of fatty liver disease, there were no direct studies testing the ability of the gluten-free diet to prevent fatty liver disease. However, one found that this disease is typically associated with insulin resistance and hyperinsulinemia (Marchesini et al., 1999). Another study found that the gluten-free diet helps reduce insulin resistance by increasing expression of PPAR-gamma, insulin receptor, GLUT-4 and adiponectin (Soares et al., 2012). Given the factors described associated with the disease and the results of the study, suggest \u00a0that the gluten-free diet may be able to reduce the risk of developing fatty liver disease. While there is some contradictory evidence, it does appear that the gluten-free diet does have some preventative measures, however most of these studies were on celiac patients, so there is little direct evidence for general use.<\/span> <\/span><\/p>\n<p><span>\u00a0\u00a0\u00a0 <\/span><span style=\"color: #000000\">There is also some contradictory evidence in terms of weight loss with the gluten-free diet. One short term study found there was no positive or negative effect to athletic performance and general well-being of athletes on the gluten-free diet, however this was only on a seven day trial. A longer study might produce different results, but they were variable. One found that 80% of patients on the gluten-free diet for 2 years gained some weight with 50% being overweight or obese, while another found weight loss in obese or overweight patients on the gluten-free diet (Scaramuzza et al., 2013). Another found that gluten-exclusion can provide benefits to not only celiac patients, but others suffering chronic disease like obesity. By slowing down weight gain through the reduction of visceral adiposity and adipocyte size. These in turn can improve insulin resistance. Excess adiposity, inflammation and insulin resistance is correlated with macrophage infiltration through release chemokines that recruit macrophages. Both of these negative influence insulin signalling. They found that the gluten-free diet resulted in lower concentrations of pro-inflammatory cytokines and adipokines, in part through lipid mobilization and oxidation in adipose tissue (Soares et al., 2012). These results were confirmed in another test that found CD patients on a strict diet had a lower BMI, fat mass and lean mass than the control patients (Bardella et al., 2000). <\/span><\/p>\n<p><span style=\"color: #000000\">\u00a0\u00a0\u00a0 <\/span><span><span style=\"color: #000000\">Overall, there is a lot of variety in the results of the gluten-free diet with a lack of studies on non-celiac individuals. However, there is more developing evidence as to the benefits of gluten-free diet in chronic diseases, such as obesity. However, as the gluten-free diet may lack full nutrient value then there should be careful monitoring to ensure that the daily intake requirements are met to support normal function and be a preventative measure. Gluten-free foods do typically have a higher glycemic index, but a strict diet does appear to show results in lowering BMI, reducing adiposity, and insulin resistance. There is also the factor of taste, as gluten-free foods may not taste as appearing so patients in the study may have preferred healthier options. This could be beneficial in not over consuming foods, there will be less incentive. As well as gluten-free foods typically being more expensive. There are many pros and cons, but with more research the gluten-free diet could show some promise.<\/span> <\/span><\/p>\n<hr \/>\n<h3><strong><span>Section 4: Key Findings<\/span><\/strong><\/h3>\n<h4><span style=\"color: #000000\"><em><b>Biological Markers<\/b><\/em><\/span><\/h4>\n<p><span style=\"color: #000000\"><b>Cortisol<\/b>: When following a strict gluten-free diet, celiac patients had lower cortisol levels than those that did not. Not following the diet may result in hypercorticism in rare cases (Esposito, 2018). <\/span><\/p>\n<p><span style=\"color: #000000\"><b>Blood glucose<\/b>: Area under blood glucose curve higher for gluten-free foods than their counterparts, with the exception of pasta and gluten-free pasta (Berti et al., 2004). Also, gluten-free foods typically had a higher glycaemic index (Saadah et al., 2004).<\/span><\/p>\n<p><span style=\"color: #000000\"><b>HDL\/LDL<\/b>: Decrease in LDL and ratio of LDL\/HDL, as well as increased anti-PC IgM and IgA (Elkan et al., 2008).<\/span><\/p>\n<hr \/>\n<h4><span style=\"color: #000000\"><em><b>Disease Prevention<\/b><\/em><\/span><\/h4>\n<p><span style=\"color: #000000\"><b>Diabetes<\/b>: Gluten-free diet resulted in fewer rats developing diabetes and they had lower levels of commensal microflora in the gut, which was lower in nondiabetic mice than diabetic mice. This is possibly through immunological means, as celiac disease is an autoimmune disorder (Hansen et al., 2005).<\/span><\/p>\n<p><span style=\"color: #000000\"><b>Cancer<\/b>: Gluten-free foods typically are deficient in dietary fibers, as well as some other vitamins and minerals which play a role in cancer prevention (Vici et al., 2016). An older study found an increase in cancer in all sites in celiac patients who did not strictly adhere to a gluten-free diet or who partook in a normal diet (Holmes et al., 1989). <\/span><\/p>\n<p><span style=\"color: #000000\"><b>Cardiovascular disease<\/b><\/span><span><span style=\"color: #000000\">: Several factors associated with cardiovascular disease were found in 14% of CD subjects on the GFD (Norsa et al., 2013). A study examining the risk of death associated with Celiac patients based on small-intestine histopathology found two highest causes of death were from cardiovascular disease and malignancies (Ludvigsson et al., 2009).<\/span> <\/span><\/p>\n<p><span style=\"color: #000000\"><b>Fatty liver disease<\/b><\/span><span><span style=\"color: #000000\">: Fatty liver disease is typically associated with insulin resistance and hyperinsulinemia (Marchesini et al., 1999). The gluten-free diet helps reduce insulin resistance by increasing expression of PPAR-gamma, insulin receptor, GLUT-4 and adiponectin (Soares et al., 2012). This suggests that the gluten-free diet may be able to reduce the risk of developing fatty liver disease.<\/span> <\/span><\/p>\n<hr \/>\n<h4><span style=\"color: #000000\"><em><b>Weight Loss<\/b><\/em><\/span><\/h4>\n<p><span style=\"color: #000000\"><b>Short term<\/b>: A 7-day study found no significant changes in overall well-being of athletes partaking in the gluten-free diet (Lis et al., 2015). <\/span><\/p>\n<p><span style=\"color: #000000\"><b>Long term<\/b>: Variety of results. One study found that 80% patients on GFD for 2 years gained some weight with 51% being overweight or obese. While another study found weight loss in obese or overweight patients on the GFD (Scaramuzza et al., 2013). <\/span><\/p>\n<p><span style=\"color: #000000\"><b>Effects of Physical Activity on Diet<\/b>: A 7-day study found no positive or negative effect to the athletic performance and overall well-being of athletes (Lis et al., 2015). <\/span><\/p>\n<p><span style=\"color: #000000\"><b>Body composition\/lean muscle mass<\/b><\/span><span><span style=\"color: #000000\">: CD patients on a strict diet had a lower BMI, fat mass, and lean mass than the control patients (Bardella et al., 2000).<\/span> <\/span><\/p>\n<h3><span><strong>Section 5: References<\/strong><\/span><\/h3>\n<p><span style=\"color: #000000\">Ann-Charlotte Elkan, Beatrice Sj\u00f6berg, Bj\u00f6rn Kolsrud, Bo Ringertz, Ingi\u00e4ld Hafstr\u00f6m, Johan Frosteg\u00e5rd. Gluten-free vegan diet induces decreased LDL and oxidized LDL levels and raised atheroprotective natural antibodies against phosphorylcholine in patients with rheumatoid arthritis: a randomized study [Internet]. Arthritis Research &amp; Therapy. BioMed Central; 2008. Available from: https:\/\/arthritis-research.biomedcentral.com\/articles\/10.1186\/ar2388 <\/span><\/p>\n<p><span style=\"color: #000000\">Association of nonalcoholic fatty liver disease with insulin resistance [Internet]. NeuroImage. Academic Press; 1999. Available from: https:\/\/www.sciencedirect.com\/science\/article\/pii\/S0002934399002715<\/span><\/p>\n<p><span style=\"color: #000000\">Esmeralda Capristo, Giovanni Addolorato, Geltrude Mingrone, Andrea De Gaetano, Aldo V Greco, Pietro A Tataranni, Giovanni Gasbarrini; Changes in body composition, substrate oxidation, and resting metabolic rate in adult celiac disease patients after a 1-y gluten-free diet treatment, The American Journal of Clinical Nutrition, Volume 72, Issue 1, 1 July 2000, Pages 76\u201381,<a href=\"https:\/\/doi.org\/10.1093\/ajcn\/72.1.76\" style=\"color: #000000\"> https:\/\/doi.org\/10.1093\/ajcn\/72.1.76<\/a><\/span><\/p>\n<p><span style=\"color: #000000\">Esposito S, Miconi F, Savarese E, et al. Physiolgic hypercortisolism at onset of celiac disease in a girl: A case report. Medicine (Baltimore). 2018;97(36):e12160. <\/span><\/p>\n<p><span style=\"color: #000000\">Gaesser, Glenn A. et al. Gluten-Free Diet: Imprudent Dietary Advice for the General Population? Journal of the Academy of Nutrition and Dietetics , Volume 112 , Issue 9 , 1330 &#8211; 1333<\/span><\/p>\n<p><span style=\"color: #000000\">Gluten free diet and nutrient deficiencies: A review [Internet]. NeuroImage. Academic Press; 2016 . Available from: <a href=\"https:\/\/www.sciencedirect.com\/science\/article\/pii\/S0261561416300887\" style=\"color: #000000\">https:\/\/www.sciencedirect.com\/science\/article\/pii\/S0261561416300887<\/a><\/span><\/p>\n<p><span style=\"color: #000000\">Gluten-free diet reduces adiposity, inflammation and insulin resistance associated with the induction of PPAR-alpha and PPAR-gamma expression [Internet]. NeuroImage. Academic Press; 2012. Available from: https:\/\/www.sciencedirect.com\/science\/article\/pii\/S0955286312002264<\/span><\/p>\n<p><span style=\"color: #000000\">Hansen, A. K., Ling, F. , Kaas, A. , Funda, D. P., Farlov, H. and Buschard, K. (2006), Diabetes preventive gluten\u2010free diet decreases the number of caecal bacteria in non\u2010obese diabetic mice. Diabetes Metab. Res. Rev., 22: 220-225. doi:<a href=\"https:\/\/doi.org\/10.1002\/dmrr.609\" style=\"color: #000000\">10.1002\/dmrr.609<\/a><\/span><\/p>\n<p><span style=\"color: #000000\">Holmes GK, Prior P, Lane MR, et al. Malignancy in coeliac disease&#8211;effect of a gluten free diet. Gut 1989;30:333-338.<\/span><\/p>\n<p><span style=\"color: #000000\">Lis, Dana &amp; Stellingwerff, Trent &amp; Kitic, Cecilia &amp; Ahuja, Kiran &amp; Fell, James. (2015). No Effects of a Short Term Gluten free Diet Performance-D.Lis2015. <\/span><\/p>\n<p><span style=\"color: #000000\">Ludvigsson JF, Montgomery SM, Ekbom A, Brandt L, Granath F. Small-Intestinal Histopathology and Mortality Risk in Celiac Disease. JAMA. 2009;302(11):1171\u20131178. doi:10.1001\/jama.2009.1320<\/span><\/p>\n<p><span style=\"color: #000000\">Maria Teresa Bardella, Clara Fredella, Luigia Prampolini, Nicoletta Molteni, Anna Maria Giunta, Paolo A Bianchi; Body composition and dietary intakes in adult celiac disease patients consuming a strict gluten-free diet, The American Journal of Clinical Nutrition, Volume 72, Issue 4, 1 October 2000, Pages 937\u2013939,<a href=\"https:\/\/doi.org\/10.1093\/ajcn\/72.4.937\" style=\"color: #000000\"> https:\/\/doi.org\/10.1093\/ajcn\/72.4.937<\/a><\/span><\/p>\n<p><span style=\"color: #000000\">Norsa L, Shamir R, Zevit N, et al. Cardiovascular disease risk factor profiles in children with celiac disease on gluten-free diets. World J Gastroenterol. 2013;19(34):5658-64. <\/span><\/p>\n<p><span style=\"color: #000000\">Packer SC, Dornhorst A, Frost GS. The glycaemic index of a range of gluten\u2010free foods [Internet]. The Canadian Journal of Chemical Engineering. Wiley-Blackwell; 2002 [cited 2019Mar7]. Available from: https:\/\/onlinelibrary.wiley.com\/doi\/full\/10.1046\/j.1464-5491.2000.00356.x<\/span><\/p>\n<p><span style=\"color: #000000\">Saadah OI, Zacharin M, O\u2019Callaghan A, et al. Effect of gluten-free diet and adherence on growth and diabetic control in diabetics with coeliac disease. Archives of Disease in Childhood 2004;89:871-876.<\/span><\/p>\n<p><span style=\"color: #000000\">Scaramuzza AE, Mantegazza C, Bosetti A, Zuccotti GV. Type 1 diabetes and celiac disease: The effects of gluten free diet on metabolic control. World J Diabetes. 2013;4(4):130-4. <\/span><\/p>\n<p><span style=\"color: #000000\">Talbott SM. The cortisol connection: why stress makes you fat and ruins your health. Almeda, CA: Hunter House; 2007.<\/span><\/p>\n<p>&nbsp;<\/p>\n","protected":false},"excerpt":{"rendered":"<p>The Gluten-Free Diet By Alex Boynay Section 1: What is the Gluten-Free Diet? Section 2: Sample Diet Plan Section 3: What Do the Studies Show? Section 4: Key Findings Section 5: References Section 1: What is the Gluten-Free Diet? Section 2: Sample Diet Plan Breakfast (298 calories) 2\/3 cup gluten-free oats in water, with \u00bd [&hellip;]<\/p>\n","protected":false},"author":280,"featured_media":0,"parent":4626,"menu_order":0,"comment_status":"closed","ping_status":"closed","template":"","meta":{"_seopress_robots_primary_cat":"","_seopress_titles_title":"","_seopress_titles_desc":"","_seopress_robots_index":"","_lmt_disableupdate":"","_lmt_disable":"","_et_pb_use_builder":"","_et_pb_old_content":"","_et_gb_content_width":"","footnotes":"","_links_to":"","_links_to_target":""},"class_list":["post-4672","page","type-page","status-publish","hentry"],"_links":{"self":[{"href":"https:\/\/wou.edu\/chemistry\/wp-json\/wp\/v2\/pages\/4672","targetHints":{"allow":["GET"]}}],"collection":[{"href":"https:\/\/wou.edu\/chemistry\/wp-json\/wp\/v2\/pages"}],"about":[{"href":"https:\/\/wou.edu\/chemistry\/wp-json\/wp\/v2\/types\/page"}],"author":[{"embeddable":true,"href":"https:\/\/wou.edu\/chemistry\/wp-json\/wp\/v2\/users\/280"}],"replies":[{"embeddable":true,"href":"https:\/\/wou.edu\/chemistry\/wp-json\/wp\/v2\/comments?post=4672"}],"version-history":[{"count":0,"href":"https:\/\/wou.edu\/chemistry\/wp-json\/wp\/v2\/pages\/4672\/revisions"}],"up":[{"embeddable":true,"href":"https:\/\/wou.edu\/chemistry\/wp-json\/wp\/v2\/pages\/4626"}],"wp:attachment":[{"href":"https:\/\/wou.edu\/chemistry\/wp-json\/wp\/v2\/media?parent=4672"}],"curies":[{"name":"wp","href":"https:\/\/api.w.org\/{rel}","templated":true}]}}