{"id":985,"date":"2019-07-29T14:21:23","date_gmt":"2019-07-29T21:21:23","guid":{"rendered":"http:\/\/www.wou.edu\/1rageneracion\/?page_id=985"},"modified":"2024-10-21T10:36:30","modified_gmt":"2024-10-21T17:36:30","slug":"respuestas-para-padres-de-familia","status":"publish","type":"page","link":"https:\/\/wou.edu\/1rageneracion\/respuestas-para-padres-de-familia\/","title":{"rendered":"Respuestas para padres de familia"},"content":{"rendered":"<p>[et_pb_section fb_built=&#8221;1&#8243; _builder_version=&#8221;3.22.7&#8243; use_background_color_gradient=&#8221;on&#8221; background_color_gradient_start=&#8221;rgba(0,0,0,0)&#8221; background_color_gradient_end=&#8221;#000000&#8243; background_image=&#8221;https:\/\/wou.edu\/1rageneracion\/files\/2019\/07\/WOU-student-with-their-parent.jpg&#8221; background_blend=&#8221;overlay&#8221; custom_padding=&#8221;3px||0px|||&#8221;][et_pb_row custom_padding=&#8221;40px|20px|11px|20px|false|true&#8221; custom_margin=&#8221;200px|auto||auto||&#8221; _builder_version=&#8221;3.22.3&#8243;][et_pb_column type=&#8221;4_4&#8243; _builder_version=&#8221;3.20.2&#8243;][et_pb_text _builder_version=&#8221;3.22.7&#8243; text_font=&#8221;||||||||&#8221; header_font=&#8221;||||||||&#8221; header_text_color=&#8221;#FFFFFF&#8221; custom_margin=&#8221;||5px|||&#8221; custom_padding=&#8221;||0px&#8221;]<\/p>\n<h1 style=\"text-align: center;\">Respuestas para padres de familia<\/h1>\n<p><em><\/em><\/p>\n<p>[\/et_pb_text][\/et_pb_column][\/et_pb_row][\/et_pb_section][et_pb_section fb_built=&#8221;1&#8243; _builder_version=&#8221;3.22.7&#8243; custom_padding=&#8221;0px||5px|||&#8221;][et_pb_row custom_padding=&#8221;42px|||||&#8221; _builder_version=&#8221;3.22.7&#8243;][et_pb_column type=&#8221;4_4&#8243; _builder_version=&#8221;3.22.7&#8243;][et_pb_text _builder_version=&#8221;3.22.7&#8243;]<\/p>\n<h2>Respuestas a las preguntas que se arremolinan en su cabeza<\/h2>\n<p>De la misma manera que irse de su casa para ir a la universidad es un paso muy grande para los adolescentes, es tambi\u00e9n un cambio enorme para los padres. Ustedes podr\u00edan preguntarse c\u00f3mo pasa el tiempo su estudiante o por qu\u00e9 no suena el tel\u00e9fono. Es totalmente comprensible que les preocupe un poco todo el proceso y que tengan muchas preguntas. Por ello, hemos compilado esta lista de preguntas dif\u00edciles que los padres de familia probablemente tienen cuando los estudiantes eligen una universidad.<\/p>\n<p><strong><img decoding=\"async\" src=\"https:\/\/wou.edu\/1rageneracion\/files\/2019\/08\/Campbell-Hall-with-flowers-in-fornt.jpg\" width=\"400\" alt=\"Campbell Hall with flowers in front\" class=\"wp-image-1174 alignright size-full\" style=\"padding-left:25px;\" srcset=\"https:\/\/wou.edu\/1rageneracion\/files\/2019\/08\/Campbell-Hall-with-flowers-in-fornt.jpg 500w, https:\/\/wou.edu\/1rageneracion\/files\/2019\/08\/Campbell-Hall-with-flowers-in-fornt-200x300.jpg 200w\" sizes=\"(max-width: 500px) 100vw, 500px\" \/>\u00bfC\u00f3mo le ayudo a mi estudiante a elegir la universidad a la que asistir\u00e1?<br \/>\n<\/strong>Hay muchas cosas en qu\u00e9 pensar cuando se elige una universidad. Los tres factores principales son los programas acad\u00e9micos, el costo y la ubicaci\u00f3n. La mejor elecci\u00f3n ser\u00e1 una universidad que ofrezca la licenciatura que su estudiante quiere estudiar, adem\u00e1s de un rango de programas suficientemente amplio como para explorar m\u00faltiples opciones.\u00a0 El costo es siempre un factor enorme, y solamente su familia puede conocer la mejor opci\u00f3n cuando se determinen los gastos y la asistencia financiera. En cuanto a la ubicaci\u00f3n, WOU est\u00e1 a una \u201cdistancia para la lavar la ropa\u201d de su casa, lo que significa que est\u00e1 suficientemente lejos de muchas ciudades de Oregon para que los estudiantes puedan establecer sus propias comunidades en el campus, pero suficientemente cerca para que puedan ir a casa de vez en cuando y aprovechar para lavar su ropa.<\/p>\n<p><strong>\u00bfDeber\u00eda mi estudiante empezar en una universidad que ofrece carreras de cuatro a\u00f1os o en un colegio comunitario?<br \/>\n<\/strong>De nuevo, solamente la familia puede tomar esta decisi\u00f3n, pero estar en el mismo campus por cuatro a\u00f1os tiene muchas ventajas importantes. Usted puede encontrar nuestra lista de las <a href=\"https:\/\/wou.edu\/woustories\/2019\/01\/27\/top-5-reasons-a-four-year-university-is-the-ideal-place-to-earn-a-degree\/\">5 principales razones por las que una universidad que ofrece carreras de cuatro a\u00f1os es el lugar ideal para obtener un grado de licenciatura<\/a> en nuestro sitio web. Muchos estudiantes sienten que un colegio comunitario es una elecci\u00f3n m\u00e1s econ\u00f3mica, pero el transferirse a una universidad que ofrece carreras de cuatro a\u00f1os puede agregar trimestres o a\u00f1os al tiempo que un estudiante estar\u00e1 en la universidad, lo que cancelar\u00eda los ahorros iniciales. Adem\u00e1s, WOU ofrece muchas oportunidades de asistencia financiera para hacer que un grado acad\u00e9mico de cuatro a\u00f1os sea mucho m\u00e1s accesible.<\/p>\n<p><strong>\u00bfC\u00f3mo podemos reducir el costo universitario de nuestro estudiante?<br \/>\n<\/strong>Hay muchas formas diferentes de obtener dinero para la universidad: dinero del gobierno federal, dinero del gobierno estatal, dinero de organizaciones comunitarias, empleos en el campus, pr\u00e9stamos para estudiantes, pr\u00e9stamos para padres de familia y becas, entre otros. Las familias que seriamente se empe\u00f1an en ahorrar dinero para los estudios universitarios se dedican a explorar las oportunidades como si fuera su trabajo.<\/p>\n<p><strong>\u00bfC\u00f3mo puedo confiar en que mi estudiante podr\u00e1 encontrar trabajo despu\u00e9s de graduarse?<br \/>\n<\/strong>Aliente a su estudiante para que elija una licenciatura que le apasione, que le haga querer asistir a clases, trabajar duro y aprender. Afortunadamente, WOU ofrece docenas de programas de licenciatura pr\u00e1cticos y relevantes, as\u00ed como oportunidades de aprendizaje activo que preparar\u00e1n a su estudiante para el mundo laboral despu\u00e9s de graduarse. Los graduados de WOU son terapeutas f\u00edsicos, legisladoras, enfermeros, propietarios de negocios, empresarias, directoras y agentes de polic\u00eda, entre otros. Nuestro programa de estudios generales ayudar\u00e1 a que su estudiante explore una amplia variedad de clases y \u00e1reas de estudio que podr\u00edan revelar alg\u00fan talento oculto.<\/p>\n<p><strong>\u00bfQu\u00e9 hacemos si mi estudiante sufre dificultades con las clases?<br \/>\n<\/strong>El personal docente tiene como objetivo que los estudiantes sean exitosos, por lo que son el primer punto de contacto en caso de presentarse alg\u00fan problema. Pero tambi\u00e9n hay m\u00faltiples servicios gratuitos de tutor\u00eda en el campus, tales como el Centro de Redacci\u00f3n, el Centro de Ciencias, el Centro de Matem\u00e1ticas y el departamento de Orientaci\u00f3n.\u00a0 Sin embargo, a fin de cuentas, su estudiante ser\u00e1 responsable de buscar ayuda y salir adelante.<\/p>\n<p><strong>Mi estudiante tom\u00f3 clases a nivel prerrequisito en la preparatoria. \u00bfTiene WOU un programa para estudiantes avanzados?<br \/>\n<\/strong>Nuestro <a href=\"https:\/\/wou.edu\/honors\/\">Programa Honor\u00edfico<\/a> es para estudiantes que desean una experiencia de estudios de licenciatura m\u00e1s intensiva. Quienes eligen el Programa Honor\u00edfico son \u201cestudiantes dedicados, amigables y altamente motivados que buscan varias licenciaturas y actividades extracurriculares, que van desde las artes creativas hasta el servicio comunitario y los estudios en el extranjero.\u201d Para entrar al programa, los estudiantes deben presentar una solicitud y, una vez dentro, cada grupo desarrolla una comunidad de aprendizaje dedicada a la investigaci\u00f3n acad\u00e9mica, logros <span>\u00a0<\/span> y crecimiento.<\/p>\n<p><strong>\u00bfC\u00f3mo s\u00e9 si mi estudiante estar\u00e1 seguro en el campus?<br \/>\n<\/strong>El departamento de Seguridad P\u00fablica del Campus consta de varios agentes que mantienen un medio ambiente seguro para todos. En caso de necesidad, el departamento de Seguridad P\u00fablica del Campus est\u00e1 a tan s\u00f3lo unos pasos de las residencias para estudiantes. Todas las residencias constan de puertas con cerradura, de manera que la gente no puede entrar y salir sin motivo. Adem\u00e1s, Monmouth acaba de ser nombrada la <a href=\"https:\/\/www.alarms.org\/safest-cities-in-oregon\/\">tercera ciudad m\u00e1s segura de Oregon<\/a>.<\/p>\n<p><strong>\u00bfQu\u00e9 pasa en las residencias para estudiantes?<br \/>\n<\/strong>Las residencias para estudiantes son en las que los estudiantes de primer ingreso y los miembros de otras clases viven, estudian y socializan cuando no est\u00e1n en clases. Es obligatorio que los estudiantes de primer ingreso vivan en el campus durante su primer a\u00f1o. Todos los estudiantes comparten vivienda con otros de su mismo sexo y hay residencias que son para ambos g\u00e9neros y otras para un solo g\u00e9nero. Cada residencia tiene un(a) Asistente de Residencia (R.A.), quien ayuda a los residentes, se asegura de que todos tengan apoyo social y dirige sesiones sobre valiosas habilidades de vida. El comedor est\u00e1 cerca y ofrece muchas opciones de alimentos. Muchas de las amistades que empiezan en los \u201cdorms\u201d duran toda la vida.<\/p>\n<p><strong>\u00bfConvendr\u00eda traer a mi estudiante al campus para visitar y recorrer el campus?<br \/>\n<\/strong>Por supuesto. Para los estudiantes es \u00fatil visualizarse en el campus y darse una idea de c\u00f3mo ser\u00eda si estuvieran inscritos. En una encuesta reciente de estudiantes de primera generaci\u00f3n, el 73 por ciento dijo que les habr\u00eda gustado que sus padres los hubieran llevado a visitar el campus. El campus de WOU es agradable y los estudiantes se sienten aqu\u00ed como en casa.<\/p>\n<p><strong>Me preocupa que mi estudiante se comporte diferente cuando venga a casa en las vacaciones o el verano.<br \/>\n<\/strong>Los estudiantes <em>son<\/em> diferentes despu\u00e9s de un tiempo de ir a la universidad. \u00a1Esa es la idea! Usted los env\u00eda a la universidad para prepararse para su futuro, para crecer y ser independientes. Despu\u00e9s de todo, usted no va a querer mantenerlos toda la vida. Para ayudarles a crear nuevas amistades y relaciones para el futuro usted tiene que darles su espacio en la universidad para que lo logren. Le aseguramos que el hijo o hija que vuelve a casa en las vacaciones es una versi\u00f3n m\u00e1s autosuficiente del estudiante que usted envi\u00f3 a la universidad.<\/p>\n<p><strong>\u00bfQu\u00e9 pasa si de pronto me doy cuenta que no puedo pagar la colegiatura?<br \/>\n<\/strong>Los departamentos de Asistencia Financiera y Servicios Financieros trabajar\u00e1n con usted para encontrar una manera de continuar. Algunos costos pueden prorrogarse por un trimestre. Es importante que su estudiante evite en lo posible \u201ctomarse un trimestre\u201d porque los estudiantes que interrumpen sus estudios, en ocasiones, ya no regresan. Recuerde que hay un objetivo en mente: una licenciatura. Es posible que a veces sea dif\u00edcil econ\u00f3micamente, pero continuar es importante para que su estudiante logre sus metas a largo plazo. Es mejor tomar las riendas para lograr una soluci\u00f3n que \u201csimplemente no ver\u201d las cuentas.<\/p>\n<p><strong>\u00bfQu\u00e9 pasa si mi estudiante se enferma?<br \/>\n<\/strong>El personal profesional en el Centro de Salud y Orientaci\u00f3n Estudiantil est\u00e1 disponible para ayudar a los estudiantes con su salud f\u00edsica, salud mental u otras necesidades. Muchos servicios son gratuitos o tienen una cuota m\u00ednima.<\/p>\n<p><strong>Mi estudiante quiere hacer deporte intramuros, estudiar en el extranjero y participar en investigaci\u00f3n. \u00bfEstas actividades adicionales ser\u00e1n una distracci\u00f3n para sus estudios?<br \/>\n<\/strong>Actividades como \u00e9stas son muy importantes para el crecimiento de su estudiante. No s\u00f3lo le ense\u00f1ar\u00e1n a manejar su tiempo, sino que crear\u00e1n tambi\u00e9n una experiencia universitaria completa. Los deportes ense\u00f1an disciplina y trabajo en equipo. Los estudios en el extranjero les sirven para aprender empat\u00eda y adaptabilidad.\u00a0 La investigaci\u00f3n les muestra a los estudiantes c\u00f3mo trabajar con profesores y c\u00f3mo comunicar sus descubrimientos a la poblaci\u00f3n en general.\u00a0 Todas estas habilidades ser\u00e1n vitales para crear un curr\u00edculum excelente y encontrar empleo al terminar la universidad.<\/p>\n<p><strong>Me enorgullece que mi estudiante vaya a la universidad, pero quiero que venga a casa los fines de semana.<br \/>\n<\/strong>Su estudiante est\u00e1 creando su propia comunidad en el campus y probablemente estar\u00e1 haciendo nuevos amigos durante el fin de semana, trabajando para pagar sus estudios y estudiando con sus compa\u00f1eros en la biblioteca. Necesitar\u00e1 tiempo para crear una familia en el campus que le apoye de la misma manera que su propia familia. Todo esto lleva tiempo, as\u00ed que trate de entender su decisi\u00f3n de quedarse en el campus.<\/p>\n<p><strong>Mi estudiante no me est\u00e1 llamando.\u00a0 Yo s\u00e9 que no tiene clases todo el d\u00eda. \u00bfQu\u00e9 est\u00e1 haciendo?<br \/>\n<\/strong>Probablemente est\u00e1 en su habitaci\u00f3n con amigos, estudiando, trabajando, participando en alg\u00fan club, lavando su ropa o alguna de las otras cosas que los estudiantes universitarios hacen todos los d\u00edas. Para algunos padres de familia es \u00fatil planear una cita telef\u00f3nica con su hijo o hija cada semana (o varias veces por semana) para que se enteren regularmente de lo que est\u00e1 haciendo.<\/p>\n<p><strong>\u00bfMi estudiante va a cambiar cuando est\u00e9 en la universidad?<br \/>\n<\/strong>\u00a1S\u00ed, y usted se enorgullecer\u00e1 de la persona adulta en la que se convertir\u00e1! No solamente tendr\u00e1 m\u00e1s preparaci\u00f3n para una carrera profesional, sino que le encantar\u00e1 poder ayudarlos a ustedes de la misma manera que ustedes lo han hecho. Todos los padres de familia desean que su estudiante se transforme en una persona fuerte, independiente y autosuficiente y eso es lo que usted tambi\u00e9n querr\u00e1. El que se grad\u00fae de la universidad no significa que va a pensar que su vida anterior ha sido mala; s\u00f3lo ser\u00e1 diferente y eso est\u00e1 bien.<\/p>\n<p><strong>\u00bfQu\u00e9 es lo m\u00e1s importante que sus familiares deben saber?<br \/>\n<\/strong>\u00a1Que usted lo ha logrado! Han admitido a su estudiante en la universidad, as\u00ed que t\u00f3mese tiempo para celebrarlo. Y mientras empieza el siguiente paso de esta jornada, recuerde que la universidad puede ser dif\u00edcil para estudiantes j\u00f3venes, as\u00ed que su aliento y apoyo ser\u00e1n vitales para que tenga \u00e9xito. \u00a1Disfrute el proceso! En pocos a\u00f1os ser\u00e1 hora de celebrar de nuevo por su graduaci\u00f3n.<\/p>\n<p><strong>Si mi estudiante necesita ayuda o si tengo dudas, \u00bfqui\u00e9n puede ayudarme?<br \/>\n<\/strong>Mucha gente en el campus con gusto ayuda a los estudiantes en todos los aspectos: su salud, sus clases, sus tareas, el manejo de su tiempo, su seguridad; realmente con todo. Si tiene dudas y prefiere preguntarlas en espa\u00f1ol, por favor llame a estos amables miembros del personal en los departamentos que aparecen a continuaci\u00f3n.<\/p>\n<p>&nbsp;<\/p>\n<p><strong><u>Ingreso<\/u><\/strong><\/p>\n<p>Itsel Venegas Trujillo 503-838-8037<br \/>\nBriana Navarete 503-838-8913<\/p>\n<p>&nbsp;<\/p>\n<p><strong><u>Asistencia Financiera<\/u><\/strong><\/p>\n<p>Antonio Castellanos 503-838-8682<br \/>\nAnel Venegas Trujillo 503-838-8436<\/p>\n<p>&nbsp;<\/p>\n<p><strong><u>Servicios y Programas Multiculturales para Estudiantes<\/u><\/strong><\/p>\n<p>Luanne Carrillo 503-838-8435<\/p>\n<p>&nbsp;<\/p>\n<p><strong><u>Vivienda<\/u><\/strong><\/p>\n<p>Susie Garcia 503-838-8311<\/p>\n<p>[\/et_pb_text][\/et_pb_column][\/et_pb_row][\/et_pb_section]<\/p>\n","protected":false},"excerpt":{"rendered":"<p>Respuestas para padres de familia Respuestas a las&#8230;<\/p>\n","protected":false},"author":417,"featured_media":0,"parent":0,"menu_order":0,"comment_status":"closed","ping_status":"closed","template":"splash-page.php","meta":{"_seopress_robots_primary_cat":"","_seopress_titles_title":"Respuestas para padres de familia | Estudiantes de Primera Generaci\u00f3n","_seopress_titles_desc":"","_seopress_robots_index":"","_lmt_disableupdate":"no","_lmt_disable":"","_et_pb_use_builder":"on","_et_pb_old_content":"","_et_gb_content_width":"","footnotes":"","_links_to":"","_links_to_target":""},"class_list":["post-985","page","type-page","status-publish","hentry"],"_links":{"self":[{"href":"https:\/\/wou.edu\/1rageneracion\/wp-json\/wp\/v2\/pages\/985","targetHints":{"allow":["GET"]}}],"collection":[{"href":"https:\/\/wou.edu\/1rageneracion\/wp-json\/wp\/v2\/pages"}],"about":[{"href":"https:\/\/wou.edu\/1rageneracion\/wp-json\/wp\/v2\/types\/page"}],"author":[{"embeddable":true,"href":"https:\/\/wou.edu\/1rageneracion\/wp-json\/wp\/v2\/users\/417"}],"replies":[{"embeddable":true,"href":"https:\/\/wou.edu\/1rageneracion\/wp-json\/wp\/v2\/comments?post=985"}],"version-history":[{"count":1,"href":"https:\/\/wou.edu\/1rageneracion\/wp-json\/wp\/v2\/pages\/985\/revisions"}],"predecessor-version":[{"id":1217,"href":"https:\/\/wou.edu\/1rageneracion\/wp-json\/wp\/v2\/pages\/985\/revisions\/1217"}],"wp:attachment":[{"href":"https:\/\/wou.edu\/1rageneracion\/wp-json\/wp\/v2\/media?parent=985"}],"curies":[{"name":"wp","href":"https:\/\/api.w.org\/{rel}","templated":true}]}}