{"id":972,"date":"2019-07-29T14:05:06","date_gmt":"2019-07-29T21:05:06","guid":{"rendered":"http:\/\/www.wou.edu\/1rageneracion\/?page_id=972"},"modified":"2024-10-21T10:37:14","modified_gmt":"2024-10-21T17:37:14","slug":"respuestas-para-estudiantes","status":"publish","type":"page","link":"https:\/\/wou.edu\/1rageneracion\/respuestas-para-estudiantes\/","title":{"rendered":"Respuestas para estudiantes"},"content":{"rendered":"<p>[et_pb_section fb_built=&#8221;1&#8243; _builder_version=&#8221;3.22.7&#8243; use_background_color_gradient=&#8221;on&#8221; background_color_gradient_start=&#8221;rgba(0,0,0,0)&#8221; background_color_gradient_end=&#8221;#000000&#8243; background_image=&#8221;https:\/\/wou.edu\/1rageneracion\/files\/2019\/07\/WOU-students-at-the-top-of-the-stairs-looking-down.jpg&#8221; background_blend=&#8221;overlay&#8221; custom_padding=&#8221;1px||0px|||&#8221;][et_pb_row custom_padding=&#8221;40px|20px|11px|20px|false|true&#8221; custom_margin=&#8221;200px|auto||auto||&#8221; _builder_version=&#8221;3.22.3&#8243;][et_pb_column type=&#8221;4_4&#8243; _builder_version=&#8221;3.20.2&#8243;][et_pb_text _builder_version=&#8221;3.22.7&#8243; text_font=&#8221;||||||||&#8221; header_font=&#8221;||||||||&#8221; header_text_color=&#8221;#FFFFFF&#8221; custom_margin=&#8221;||5px|||&#8221; custom_padding=&#8221;||0px&#8221;]<\/p>\n<h1 style=\"text-align: center;\">Respuestas para estudiantes<\/h1>\n<p><em><\/em><\/p>\n<p>[\/et_pb_text][\/et_pb_column][\/et_pb_row][\/et_pb_section][et_pb_section fb_built=&#8221;1&#8243; _builder_version=&#8221;3.22.7&#8243; custom_padding=&#8221;0px||5px|||&#8221;][et_pb_row custom_padding=&#8221;42px|||||&#8221; _builder_version=&#8221;3.22.7&#8243;][et_pb_column type=&#8221;4_4&#8243; _builder_version=&#8221;3.22.7&#8243;][et_pb_text _builder_version=&#8221;3.22.7&#8243;]<\/p>\n<h2>\u00bfTienes preguntas? Tenemos respuestas<\/h2>\n<p>A veces, a los estudiantes que desconocen los pormenores de los estudios universitarios les cuesta trabajo decidirse por una escuela o les cuesta trabajo visualizarse en un campus universitario. Esto es comprensible, ya que la universidad es importante. Esperamos que estas preguntas y respuestas comunes te ayuden a aclarar tu mente.<\/p>\n<p>&nbsp;<\/p>\n<p><strong><img decoding=\"async\" src=\"https:\/\/wou.edu\/1rageneracion\/files\/2019\/08\/Stairs-inside-of-Woodcock.jpg\" width=\"400\" alt=\"Stairs inside of Woodcock\" class=\"wp-image-1169 alignright size-full\" style=\"padding-left:25px;\" srcset=\"https:\/\/wou.edu\/1rageneracion\/files\/2019\/08\/Stairs-inside-of-Woodcock.jpg 500w, https:\/\/wou.edu\/1rageneracion\/files\/2019\/08\/Stairs-inside-of-Woodcock-200x300.jpg 200w\" sizes=\"(max-width: 500px) 100vw, 500px\" \/>\u00bfC\u00f3mo decido a qu\u00e9 universidad asistir?<br \/>\n<\/strong>Hay muchas cosas en qu\u00e9 pensar cuando eliges una universidad. Los tres factores principales son los programas acad\u00e9micos, el costo y la ubicaci\u00f3n. Te conviene una universidad que ofrezca la licenciatura que quieres o, si est\u00e1s indeciso en cuanto a la profesi\u00f3n, una universidad que ofrezca un rango suficientemente amplio de programas que puedas explorar hasta que encuentres lo que prefieras m\u00e1s. El costo es siempre un factor enorme, y t\u00fa y tu familia podr\u00e1n conocer tu mejor opci\u00f3n cuando se determinen los gastos y la asistencia financiera. En cuanto a ubicaci\u00f3n, algunos estudiantes quieren estar cerca de casa y otros prefieren irse lejos. \u00bfDe qu\u00e9 manera te sentir\u00edas t\u00fa m\u00e1s a gusto?<\/p>\n<p><strong>\u00bfPor qu\u00e9 deber\u00eda empezar en una universidad que ofrece carreras de cuatro a\u00f1os en lugar de empezar en un colegio comunitario y luego transferirme?<br \/>\n<\/strong>De nuevo, solamente t\u00fa y tu familia pueden tomar esta decisi\u00f3n, pero estar en el mismo campus por cuatro a\u00f1os tiene muchas ventajas. Puedes encontrar nuestra lista de las <a href=\"https:\/\/wou.edu\/woustories\/2019\/01\/27\/top-5-reasons-a-four-year-university-is-the-ideal-place-to-earn-a-degree\/\">5 principales razones por las que una universidad que ofrece carreras de cuatro a\u00f1os es el lugar ideal para obtener un grado de licenciatura<\/a> en nuestro sitio web.<\/p>\n<p><strong>He escuchado mucho acerca de las deudas estudiantiles. \u00bfC\u00f3mo me aseguro de no tener una deuda demasiado grande cuando me grad\u00fae?<br \/>\n<\/strong>Porque WOU es una universidad p\u00fablica, por lo que cuesta mucho menos que otras opciones. Adem\u00e1s, WOU ofrece asistencia financiera a casi todos los inscritos. De todas formas, si quieres que tu deuda estudiantil sea m\u00ednima, deber\u00edas planear solicitar tantas becas como puedas cada a\u00f1o, trabajar en el campus mientras estudias y encontrar maneras de minimizar tus gastos. La deuda estudiantil puede ser una inquietud grave, pero no deber\u00eda asustarte tanto como para que no asistas a la universidad.<\/p>\n<p><strong>\u00bfQu\u00e9 pasa si una clase me cuesta trabajo?<br \/>\n<\/strong>Nuestros docentes y personal quieren que todos los estudiantes tengan \u00e9xito. Por eso ofrecemos tantos centros de tutor\u00eda gratuitos, much\u00edsimos programas de apoyo y contratamos orientadores que han ganado premios por su trabajo. Todos estamos contigo, y si trabajas duro, vas a graduarte.<\/p>\n<p><strong>Veo que es obligatorio que los estudiantes de primer ingreso vivan en las residencias para estudiantes. \u00bfC\u00f3mo son los dormitorios?<br \/>\n<\/strong>Lo m\u00e1s seguro es que las amistades que hagas cuando vivas en las residencias para estudiantes duren para siempre. Adem\u00e1s, a los estudiantes que viven en el campus les va mejor en sus clases. Probablemente tendr\u00e1s un compa\u00f1ero de habitaci\u00f3n, a quien puedes elegir por adelantado si prefieres, y vas a comer en el comedor la mayor parte del tiempo. Cada residencia tiene un Asistente de Residencia para ayudarte con lo que necesites, as\u00ed es que siempre tendr\u00e1s a una persona de apoyo cerca. Incluso puedes elegir una residencia en la que todos los estudiantes tengan inter\u00e9s en el mismo tema, como actividades al aire libre, sustentabilidad o comunidades globales.<\/p>\n<p><strong>\u00bfEl campus es seguro?<br \/>\n<\/strong>\u00a1S\u00ed! Nuestra oficina de Seguridad P\u00fablica trabaja duro para garantizar la seguridad de todos en el campus. Adem\u00e1s, Monmouth acaba de ser nombrada la <a href=\"https:\/\/www.alarms.org\/safest-cities-in-oregon\/\">tercera ciudad m\u00e1s segura de Oregon<\/a>.<\/p>\n<p><strong>\u00bfQu\u00e9 pasa si me enfermo?<br \/>\n<\/strong>El personal profesional en el Centro de Salud y Orientaci\u00f3n Estudiantil est\u00e1 disponible para ayudarte con cualquier problema de salud f\u00edsica, salud mental u otras necesidades. Muchos servicios son gratuitos o tienen una cuota m\u00ednima.<\/p>\n<p><strong>\u00bfCu\u00e1nto tiempo me tomar\u00e1 obtener mi grado acad\u00e9mico?<br \/>\n<\/strong>Si asistes a WOU sin pausa y tomas un promedio de 15 cr\u00e9ditos por trimestre, deber\u00edas graduarte en cuatro a\u00f1os. Si te sales por algunos trimestres, te transfieres de otra universidad o tomas una carga de cr\u00e9ditos menor, lo m\u00e1s seguro es que tome m\u00e1s tiempo para que te grad\u00faes.<\/p>\n<p><strong>Me emociona entrar a la universidad, pero a mis padres les preocupa que yo viva \u201clejos\u201d. \u00bfQu\u00e9 puedo decirles?<br \/>\n<\/strong>Es comprensible que a tus padres les preocupe que te mudes a otro lugar para asistir a la universidad. Sin embargo, puedes decirles que te preparar\u00e1s para tener una carrera y para ser independiente. Ellos trabajaron duro para ayudarte a ser independiente y \u00e9ste es el siguiente paso de ese proceso. Muchos de nuestros estudiantes dicen que sus padres fueron el factor motivador principal para obtener un grado acad\u00e9mico porque quer\u00edan usar sus carreras para ayudar a sus padres, quienes ya hab\u00edan hecho tanto por ellos. De la misma manera que tu ciudad o pueblo natal y tu familia conformaban tu comunidad en el pasado, ahora t\u00fa construir\u00e1s una comunidad en el campus.<\/p>\n<p><strong>\u00bfQu\u00e9 tan probable es que consiga empleo despu\u00e9s de obtener mi grado acad\u00e9mico?<br \/>\n<\/strong>Dependiendo de tu carrera y de las conexiones que hayas hecho durante la universidad, es probable que ya tengas un empleo a la vista incluso antes de graduarte. Los programas acad\u00e9micos de WOU ofrecen carreras pr\u00e1cticas que pueden ponerse en pr\u00e1ctica inmediatamente despu\u00e9s de graduarte. Nuestros maestros, estudiantes de negocios, estudiantes de gerontolog\u00eda y muchos otros est\u00e1n equipados para trabajar de inmediato, mientras que otros programas alientan a que los estudiantes hagan un posgrado para un aprendizaje m\u00e1s avanzado.<\/p>\n<p><strong>\u00bfQu\u00e9 diferencias hay entre la universidad y la preparatoria?<br \/>\n<\/strong>Hay muchas diferencias, pero una de las principales es que no tienes que asistir a clases de 8 a.m. a 3 p.m. Podr\u00edas tener una clase al d\u00eda o cuatro. Tambi\u00e9n puede haber un descanso de tres horas entre tus clases (una buena raz\u00f3n para vivir en el campus, de manera que puedes regresar a tu habitaci\u00f3n durante la pausa). Nadie va a presionarte para que vayas a clases; es tu responsabilidad. Sin embargo, las faltas podr\u00edan hacer que tu calificaci\u00f3n baje y tu profesor podr\u00eda enviarte mensajes para preguntar d\u00f3nde estuviste. El manejo de tu tiempo es tu responsabilidad, de manera que puedas ir a clase, hacer tu tarea, estudiar, trabajar y a\u00fan tener tiempo para pasarlo con tus amigos. Adem\u00e1s, tienes que comprar tus propios libros de texto (aunque WOU tiene un programa de renta).<\/p>\n<p><strong>No me imagino a m\u00ed mismo en la universidad. \u00bfC\u00f3mo s\u00e9 que me ir\u00e1 bien?<br \/>\n<\/strong>Asistir a la universidad es un paso importante para convertirte en \u201cadulto\u201d y puede ser intimidante. Sin embargo, con dedicaci\u00f3n te va a ir muy bien. Primero que nada, vas a encajar de inmediato porque tendr\u00e1s un compa\u00f1ero de habitaci\u00f3n y amigos de la residencia para estudiantes desde el primer d\u00eda. Podr\u00e1s encontrar clubs y organizaciones que coincidan con tus intereses personales y tus orientadores y profesores estar\u00e1n listos para ayudarte. Muchos graduados de WOU nos dicen: \u201cRealmente sal\u00ed de mi cascar\u00f3n en WOU porque sab\u00eda que todos me respaldaban\u201d.<\/p>\n<p><strong>\u00bfQu\u00e9 hacen los estudiantes los fines de semana?<br \/>\n<\/strong>\u00a1Muchas cosas diferentes! Muchos se quedan en el campus o en el pueblo y trabajan, estudian o asisten a eventos deportivos. Otros exploran todo lo que ofrece nuestra regi\u00f3n, como las monta\u00f1as, la playa y la gran ciudad. Otros se van de viaje por carretera o de excursi\u00f3n con el programa de Esparcimiento al Aire Libre. Otros s\u00f3lo se re\u00fanen con amigos, ven pel\u00edculas o salen a comer pizza.<\/p>\n<p><strong>\u00bfC\u00f3mo es la comida en el comedor?<br \/>\n<\/strong>La alimentaci\u00f3n en el Campus tiene muchas opciones, incluyendo cafeter\u00edas, parrilladas, sushi, burrito bowls, barras de ensaladas y mucho m\u00e1s. El comedor Valsetz tiene varias \u201cestaciones\u201d y cada una sirve alg\u00fan tipo de comida distinta. Los estudiantes no tienen problema para encontrar comida que les guste en el campus.<\/p>\n<p><strong>\u00bfQu\u00e9 pasa si extra\u00f1o mi casa?<br \/>\n<\/strong>Muchos estudiantes extra\u00f1an su casa, especialmente durante el trimestre de oto\u00f1o del primer a\u00f1o. Pero una vez que avances a tu propio ritmo y conozcas nuevos amigos, se te har\u00e1 mucho m\u00e1s f\u00e1cil sentirte en tu propio hogar en el campus. Recuerda que todas las cosas nuevas son un desaf\u00edo al principio, pero tu ense\u00f1anza es importante y se trata de tu futuro a largo plazo. Puedes textear o llamar a tus amigos y familia en tu hogar, pero no va a ser como cuando estabas en la preparatoria porque <em>t\u00fa<\/em> ya no eres el mismo que eras en la preparatoria. La clave es resistir durante el primer trimestre y despu\u00e9s ser\u00e1 m\u00e1s f\u00e1cil.<\/p>\n<p>[\/et_pb_text][\/et_pb_column][\/et_pb_row][\/et_pb_section]<\/p>\n","protected":false},"excerpt":{"rendered":"<p>Respuestas para estudiantes \u00bfTienes preguntas?&#8230;<\/p>\n","protected":false},"author":417,"featured_media":0,"parent":0,"menu_order":0,"comment_status":"closed","ping_status":"closed","template":"splash-page.php","meta":{"_seopress_robots_primary_cat":"","_seopress_titles_title":"Respuestas Para Estudiantes | Estudiantes de Primera Generaci\u00f3n","_seopress_titles_desc":"","_seopress_robots_index":"","_lmt_disableupdate":"no","_lmt_disable":"","_et_pb_use_builder":"on","_et_pb_old_content":"","_et_gb_content_width":"","footnotes":"","_links_to":"","_links_to_target":""},"class_list":["post-972","page","type-page","status-publish","hentry"],"_links":{"self":[{"href":"https:\/\/wou.edu\/1rageneracion\/wp-json\/wp\/v2\/pages\/972","targetHints":{"allow":["GET"]}}],"collection":[{"href":"https:\/\/wou.edu\/1rageneracion\/wp-json\/wp\/v2\/pages"}],"about":[{"href":"https:\/\/wou.edu\/1rageneracion\/wp-json\/wp\/v2\/types\/page"}],"author":[{"embeddable":true,"href":"https:\/\/wou.edu\/1rageneracion\/wp-json\/wp\/v2\/users\/417"}],"replies":[{"embeddable":true,"href":"https:\/\/wou.edu\/1rageneracion\/wp-json\/wp\/v2\/comments?post=972"}],"version-history":[{"count":1,"href":"https:\/\/wou.edu\/1rageneracion\/wp-json\/wp\/v2\/pages\/972\/revisions"}],"predecessor-version":[{"id":1219,"href":"https:\/\/wou.edu\/1rageneracion\/wp-json\/wp\/v2\/pages\/972\/revisions\/1219"}],"wp:attachment":[{"href":"https:\/\/wou.edu\/1rageneracion\/wp-json\/wp\/v2\/media?parent=972"}],"curies":[{"name":"wp","href":"https:\/\/api.w.org\/{rel}","templated":true}]}}