{"id":928,"date":"2019-07-23T17:12:33","date_gmt":"2019-07-24T00:12:33","guid":{"rendered":"http:\/\/www.wou.edu\/1rageneracion\/?page_id=928"},"modified":"2025-12-17T11:55:19","modified_gmt":"2025-12-17T19:55:19","slug":"ingreso","status":"publish","type":"page","link":"https:\/\/wou.edu\/1rageneracion\/ingreso\/","title":{"rendered":"Ingreso"},"content":{"rendered":"<p>[et_pb_section fb_built=&#8221;1&#8243; _builder_version=&#8221;4.16&#8243; use_background_color_gradient=&#8221;on&#8221; background_color_gradient_stops=&#8221;rgba(0,0,0,0) 0%|#000000 100%&#8221; background_color_gradient_start=&#8221;rgba(0,0,0,0)&#8221; background_color_gradient_end=&#8221;#000000&#8243; background_image=&#8221;https:\/\/wou.edu\/1rageneracion\/files\/2019\/07\/WOU-grads-smiling-with-dipolmas.jpg&#8221; background_blend=&#8221;overlay&#8221; custom_padding=&#8221;84px||0px|||&#8221; global_colors_info=&#8221;{}&#8221;][et_pb_row _builder_version=&#8221;4.16&#8243; custom_margin=&#8221;108px|auto||auto||&#8221; custom_padding=&#8221;40px|20px|11px|20px|false|true&#8221; global_colors_info=&#8221;{}&#8221;][et_pb_column type=&#8221;4_4&#8243; _builder_version=&#8221;4.16&#8243; custom_padding=&#8221;|||&#8221; global_colors_info=&#8221;{}&#8221; custom_padding__hover=&#8221;|||&#8221;][et_pb_text _builder_version=&#8221;4.16&#8243; text_font=&#8221;||||||||&#8221; header_font=&#8221;||||||||&#8221; header_text_color=&#8221;#FFFFFF&#8221; custom_margin=&#8221;||5px|||&#8221; custom_padding=&#8221;||0px&#8221; global_colors_info=&#8221;{}&#8221;]<\/p>\n<h1 style=\"text-align: center;\"><strong>Ingreso<\/strong><\/h1>\n<p><em><\/em><\/p>\n<p>[\/et_pb_text][\/et_pb_column][\/et_pb_row][\/et_pb_section][et_pb_section fb_built=&#8221;1&#8243; _builder_version=&#8221;4.16&#8243; custom_margin=&#8221;|5%||5%|false|true&#8221; custom_padding=&#8221;34px||34px||true|&#8221; global_colors_info=&#8221;{}&#8221;][et_pb_row _builder_version=&#8221;4.16&#8243; width=&#8221;90%&#8221; max_width=&#8221;2560px&#8221; custom_padding=&#8221;||17px|||&#8221; global_colors_info=&#8221;{}&#8221;][et_pb_column type=&#8221;4_4&#8243; _builder_version=&#8221;4.16&#8243; custom_padding=&#8221;|||&#8221; global_colors_info=&#8221;{}&#8221; custom_padding__hover=&#8221;|||&#8221;][et_pb_text _builder_version=&#8221;4.16&#8243; global_colors_info=&#8221;{}&#8221;]<\/p>\n<h2>C\u00f3mo convertirte en un estudiante de Western Oregon University<\/h2>\n<p>Ahora que sabes un poco m\u00e1s acerca de Western Oregon University, vamos a mostrarte el proceso de solicitud para ser estudiante. No es dif\u00edcil, pero hay ciertos pasos que tienes que hacer para que fluya.<\/p>\n<p>Recuerda que si ves palabras en estas instrucciones que te resultan desconocidas, regresa a la p\u00e1gina principal para encontrar las definiciones. T\u00f3mate tu tiempo. Estaremos todav\u00eda aqu\u00ed cuando regreses.<\/p>\n<p>[\/et_pb_text][\/et_pb_column][\/et_pb_row][\/et_pb_section][et_pb_section fb_built=&#8221;1&#8243; _builder_version=&#8221;4.16&#8243; custom_padding=&#8221;0px||0px|||&#8221; global_colors_info=&#8221;{}&#8221;][et_pb_row column_structure=&#8221;1_2,1_2&#8243; use_custom_gutter=&#8221;on&#8221; gutter_width=&#8221;1&#8243; make_equal=&#8221;on&#8221; padding_left_right_link_1=&#8221;true&#8221; _builder_version=&#8221;4.16&#8243; width=&#8221;100%&#8221; max_width=&#8221;2560px&#8221; custom_margin=&#8221;|||||true&#8221; custom_padding=&#8221;0px||0px|||true&#8221; global_colors_info=&#8221;{}&#8221;][et_pb_column type=&#8221;1_2&#8243; _builder_version=&#8221;4.16&#8243; background_color=&#8221;#e7e7e7&#8243; custom_padding=&#8221;|5%||5%&#8221; global_colors_info=&#8221;{}&#8221; custom_padding__hover=&#8221;|||&#8221;][et_pb_text _builder_version=&#8221;4.27.4&#8243; custom_padding=&#8221;52px||16px|||false&#8221; custom_padding_tablet=&#8221;|||||true&#8221; custom_padding_phone=&#8221;&#8221; custom_padding_last_edited=&#8221;on|phone&#8221; hover_enabled=&#8221;0&#8243; global_colors_info=&#8221;{}&#8221; sticky_enabled=&#8221;0&#8243;]<\/p>\n<h3><strong>C\u00f3mo ser admitido en WOU<\/strong><\/h3>\n<p>Primero debes llenar la<span>\u00a0<\/span><u>solicitud en l\u00ednea<\/u><span>\u00a0<\/span>y pagar los $60 por cuota de solicitud. Si la raz\u00f3n por la que no est\u00e1s presentando tu solicitud es por la cuota de solicitud, puedes pedir que te sea dispensada (que no la tengas que pagar),<span>\u00a0<\/span><a href=\"https:\/\/wou.edu\/admission\/files\/2018\/03\/Fee-Deferral-Request-Form.pdf\">presentando esta forma<\/a>. Esta cuota siempre se le dispensa a los veteranos del ej\u00e9rcito. El Departamento de Ingreso tambi\u00e9n necesitar\u00e1 una copia de tu<span>\u00a0<\/span><strong>expediente acad\u00e9mico<\/strong><span>\u00a0<\/span>de la preparatoria. \u00a1B\u00e1sicamente, eso es todo!<\/p>\n<p>Por mucho, una de las mejores \u00e9pocas para presentar tu solicitud de ingreso a WOU es durante uno de nuestros dos<span>\u00a0<\/span><a href=\"https:\/\/wou.edu\/admission\/visit\/campus-visit-programs\/\">D\u00edas de Pre-revisi\u00f3n<\/a>. Estos eventos que duran todo el d\u00eda se llevan a cabo durante los trimestres de oto\u00f1o e invierno y la solicitud es gratuita. Adem\u00e1s, si traes tu solicitud y tu<span>\u00a0<\/span><strong>expediente acad\u00e9mico<\/strong>, puedes enterarte al final del<span>\u00a0<\/span><em>mismo d\u00eda<\/em><span>\u00a0<\/span>si fuiste<span>\u00a0<\/span><strong>aceptado<\/strong><span>\u00a0<\/span>en WOU.<\/p>\n<p>Si tu GPA en la preparatoria es de 3.0 o mayor, no tienes que presentar calificaciones de los ex\u00e1menes ACT o SAT para presentar tu solicitud de ingreso a WOU e incluso si tu GPA est\u00e1 entre 2.75 y 2.99, todav\u00eda puedes solicitar tu ingreso. En ese caso, necesitar\u00e1s una carta de recomendaci\u00f3n o forma de recomendaci\u00f3n de uno de tus maestros(as) de preparatoria o de tu orientador(a) de preparatoria y una calificaci\u00f3n m\u00ednima del<span>\u00a0<\/span><strong>ACT o SAT<\/strong>. Puedes conocer m\u00e1s detalles en nuestra<span>\u00a0<\/span><a href=\"https:\/\/wou.edu\/admission\/freshman\/\">lista de requisitos para nuevo ingreso<\/a>.<\/p>\n<p>\u00bfQuieres saber de inmediato si tu solicitud de ingreso a WOU fue aceptada? Entonces debes venir a uno de nuestros D\u00edas de Pre-revisi\u00f3n o a un viernes Instant Wolf, para obtener una respuesta instant\u00e1nea.<\/p>\n<p><em>Para facilitar tu solicitud de ingreso a WOU a\u00fan m\u00e1s, hemos creado un cronograma que puedes seguir paso a paso. Presiona el bot\u00f3n de Cronograma arriba para que veas la lista.<\/em><\/p>\n<p>[\/et_pb_text][et_pb_button button_url=&#8221;https:\/\/wou.edu\/1rageneracion\/cronograma\/&#8221; button_text=&#8221;Cronograma&#8221; _builder_version=&#8221;4.16&#8243; custom_button=&#8221;on&#8221; button_border_radius=&#8221;0px&#8221; button_font=&#8221;||||||||&#8221; custom_margin=&#8221;20px||50px||false|&#8221; custom_margin_tablet=&#8221;|||25px&#8221; custom_margin_phone=&#8221;&#8221; custom_margin_last_edited=&#8221;on|phone&#8221; custom_padding_last_edited=&#8221;off|desktop&#8221; global_colors_info=&#8221;{}&#8221;][\/et_pb_button][\/et_pb_column][et_pb_column type=&#8221;1_2&#8243; _builder_version=&#8221;4.16&#8243; background_image=&#8221;https:\/\/wou.edu\/1rageneracion\/files\/2019\/08\/WOU-students-looking-over-notes.jpg&#8221; custom_padding=&#8221;|||&#8221; global_colors_info=&#8221;{}&#8221; custom_padding__hover=&#8221;|||&#8221;][et_pb_text _builder_version=&#8221;4.16&#8243; custom_padding=&#8221;150px||150px&#8221; global_colors_info=&#8221;{}&#8221;][\/et_pb_text][\/et_pb_column][\/et_pb_row][\/et_pb_section]<\/p>\n","protected":false},"excerpt":{"rendered":"<p>Ingreso C\u00f3mo convertirte en un estudiante de Western&#8230;<\/p>\n","protected":false},"author":417,"featured_media":0,"parent":0,"menu_order":0,"comment_status":"closed","ping_status":"closed","template":"splash-page.php","meta":{"_seopress_robots_primary_cat":"","_seopress_titles_title":"Ingreso | Estudiantes de Primera Generaci\u00f3n","_seopress_titles_desc":"","_seopress_robots_index":"","_lmt_disableupdate":"no","_lmt_disable":"","_et_pb_use_builder":"on","_et_pb_old_content":"","_et_gb_content_width":"","footnotes":"","_links_to":"","_links_to_target":""},"class_list":["post-928","page","type-page","status-publish","hentry"],"_links":{"self":[{"href":"https:\/\/wou.edu\/1rageneracion\/wp-json\/wp\/v2\/pages\/928","targetHints":{"allow":["GET"]}}],"collection":[{"href":"https:\/\/wou.edu\/1rageneracion\/wp-json\/wp\/v2\/pages"}],"about":[{"href":"https:\/\/wou.edu\/1rageneracion\/wp-json\/wp\/v2\/types\/page"}],"author":[{"embeddable":true,"href":"https:\/\/wou.edu\/1rageneracion\/wp-json\/wp\/v2\/users\/417"}],"replies":[{"embeddable":true,"href":"https:\/\/wou.edu\/1rageneracion\/wp-json\/wp\/v2\/comments?post=928"}],"version-history":[{"count":2,"href":"https:\/\/wou.edu\/1rageneracion\/wp-json\/wp\/v2\/pages\/928\/revisions"}],"predecessor-version":[{"id":1224,"href":"https:\/\/wou.edu\/1rageneracion\/wp-json\/wp\/v2\/pages\/928\/revisions\/1224"}],"wp:attachment":[{"href":"https:\/\/wou.edu\/1rageneracion\/wp-json\/wp\/v2\/media?parent=928"}],"curies":[{"name":"wp","href":"https:\/\/api.w.org\/{rel}","templated":true}]}}