{"id":1002,"date":"2019-07-29T15:26:44","date_gmt":"2019-07-29T22:26:44","guid":{"rendered":"http:\/\/www.wou.edu\/1rageneracion\/?page_id=1002"},"modified":"2024-10-21T10:38:15","modified_gmt":"2024-10-21T17:38:15","slug":"cronograma","status":"publish","type":"page","link":"https:\/\/wou.edu\/1rageneracion\/cronograma\/","title":{"rendered":"Cronograma"},"content":{"rendered":"<p>[et_pb_section fb_built=&#8221;1&#8243; _builder_version=&#8221;3.22.7&#8243; use_background_color_gradient=&#8221;on&#8221; background_color_gradient_start=&#8221;rgba(0,0,0,0)&#8221; background_color_gradient_end=&#8221;#000000&#8243; background_image=&#8221;https:\/\/wou.edu\/1rageneracion\/files\/2019\/07\/Drone-shot-of-Cambel-Hall-on-WOU-campus.jpg&#8221; background_blend=&#8221;overlay&#8221; custom_padding=&#8221;1px||0px|||&#8221;][et_pb_row custom_padding=&#8221;40px|20px|11px|20px|false|true&#8221; custom_margin=&#8221;200px|auto||auto||&#8221; _builder_version=&#8221;3.22.3&#8243;][et_pb_column type=&#8221;4_4&#8243; _builder_version=&#8221;3.20.2&#8243;][et_pb_text _builder_version=&#8221;3.22.7&#8243; text_font=&#8221;||||||||&#8221; header_font=&#8221;||||||||&#8221; header_text_color=&#8221;#FFFFFF&#8221; custom_margin=&#8221;||5px|||&#8221; custom_padding=&#8221;||0px&#8221;]<\/p>\n<h1 style=\"text-align: center;\"><strong>Cronograma<\/strong><\/h1>\n<p><em><\/em><\/p>\n<p>[\/et_pb_text][\/et_pb_column][\/et_pb_row][\/et_pb_section][et_pb_section fb_built=&#8221;1&#8243; _builder_version=&#8221;3.22.7&#8243;][et_pb_row _builder_version=&#8221;3.22.7&#8243; width=&#8221;90%&#8221; max_width=&#8221;2560px&#8221;][et_pb_column type=&#8221;4_4&#8243; _builder_version=&#8221;3.22.7&#8243;][et_pb_text _builder_version=&#8221;3.22.7&#8243;]<\/p>\n<h2>C\u00f3mo hacer sencillo tu proceso de solicitud de ingreso a WOU<\/h2>\n<p>Puedes solicitar tu ingreso a WOU en unos cuantos minutos o puedes tomar m\u00e1s tiempo si prefieres. A pesar de que<span>\u00a0<\/span><u>el formulario<\/u><span>\u00a0<\/span>es largo (\u00a1Lo sabemos!), est\u00e1 lleno de informaci\u00f3n \u00fatil y puedes dejarlo y retomarlo cuantas veces quieras. Primero tendr\u00e1s que crear una cuenta, pero esa parte es f\u00e1cil. Adem\u00e1s, te ayudar\u00e1 a regresar a tu solicitud ya empezada si no la terminaste la primera vez. Si prefieres una solicitud en papel, la puedes<span>\u00a0<\/span><u>bajar<\/u>, llenar y enviar por correo ordinario a Ingreso.<\/p>\n<p>WOU acepta solicitudes durante todo el a\u00f1o, as\u00ed que no hay una fecha l\u00edmite determinada. Sin embargo, puede ser muy \u00fatil que<span>\u00a0<\/span><strong>presentes tu solicitud antes del 1\u00ba de febrero de tu \u00faltimo a\u00f1o de preparatoria<\/strong><span>\u00a0<\/span>porque entonces puedes ser admitido y tener todav\u00eda tiempo de solicitar<span>\u00a0<\/span><strong>becas de WOU (\u00a1Dinero gratis!) antes del 1\u00ba de marzo de tu \u00faltimo a\u00f1o de preparatoria.<\/strong><span>\u00a0<\/span>El Departamento de Ingreso trata de dar una respuesta a tu solicitud dentro de las dos siguientes semanas, pero recuerda que puedes tener una respuesta m\u00e1s r\u00e1pida en los D\u00edas de Pre-revisi\u00f3n o los viernes Instant Wolf. Recibir\u00e1s una carta de respuesta por correo ordinario una vez que el departamento de<span>\u00a0<\/span><strong>Ingreso<\/strong><span>\u00a0<\/span>haya revisado tu solicitud.<\/p>\n<p>[\/et_pb_text][\/et_pb_column][\/et_pb_row][\/et_pb_section][et_pb_section fb_built=&#8221;1&#8243; _builder_version=&#8221;3.22.7&#8243;][et_pb_row use_custom_gutter=&#8221;on&#8221; gutter_width=&#8221;1&#8243; custom_padding=&#8221;0px||0px|||true&#8221; custom_margin=&#8221;|||||true&#8221; make_equal=&#8221;on&#8221; background_color_2=&#8221;#e7e7e7&#8243; bg_img_1=&#8221;https:\/\/wou.edu\/1rageneracion\/files\/2019\/08\/Pawprint-on-sidewalk.jpg&#8221; padding_left_right_link_1=&#8221;true&#8221; padding_left_right_link_2=&#8221;true&#8221; padding_right_2=&#8221;5%&#8221; padding_left_2=&#8221;5%&#8221; _builder_version=&#8221;3.22.7&#8243; width=&#8221;100%&#8221; max_width=&#8221;2560px&#8221;][et_pb_column type=&#8221;1_2&#8243; _builder_version=&#8221;3.22.7&#8243;][et_pb_text _builder_version=&#8221;3.22.7&#8243; custom_margin=&#8221;200px||200px||true&#8221;][\/et_pb_text][\/et_pb_column][et_pb_column type=&#8221;1_2&#8243; _builder_version=&#8221;3.22.7&#8243;][et_pb_text _builder_version=&#8221;3.22.7&#8243; custom_margin=&#8221;||45px|||&#8221; custom_padding=&#8221;40px|||||false&#8221; custom_padding_tablet=&#8221;|25px||25px||true&#8221; custom_padding_last_edited=&#8221;on|tablet&#8221;]<\/p>\n<h3><strong>Definiciones de los t\u00e9rminos de Ingreso<\/strong><\/h3>\n<p><strong>Carta de recomendaci\u00f3n:<span>\u00a0<\/span><\/strong>Es una carta que un maestro de preparatoria o un orientador env\u00eda a las universidades. Quien escribe la carta hablar\u00e1 en ella acerca de ti y la raz\u00f3n por la que cree que t\u00fa ser\u00e1s un buen estudiante universitario. Quien escribe la carta podr\u00eda hablar de qu\u00e9 tan duro trabajabas en clase, de tu asistencia, de c\u00f3mo trabajas en equipo y de muchos otros temas. Muchas preparatorias tienen un formulario para que los estudiantes llenen cuando quieren que un maestro u orientador les escriba este tipo de carta. Pregunta a tu orientador lo que prefiere.<\/p>\n<p><strong>ACT\/SAT:<span>\u00a0<\/span><\/strong>Dos ex\u00e1menes que los estudiantes pueden presentar cuando est\u00e1n cursando la preparatoria. Algunos estudiantes presentan ambos, otros solamente uno de los dos. Si tu promedio de estudios GPA es 3.0 o mayor, puedes solicitar tu ingreso a WOU sin haber presentado esos ex\u00e1menes. Sin embargo, la mayor\u00eda de las universidades en todo el pa\u00eds<span>\u00a0<\/span><em>requieren<\/em><span>\u00a0<\/span>que pases al menos uno de estos ex\u00e1menes.<\/p>\n<p><strong>GPA:<span>\u00a0<\/span><\/strong>Iniciales en ingl\u00e9s que significan puntaje promedio de calificaciones. B\u00e1sicamente, este n\u00famero es un c\u00e1lculo de c\u00f3mo fueron tus calificaciones en la preparatoria. Un 3.0 equivale a un promedio de B. Si tienes un GPA de preparatoria de 3.0 o mayor, puedes hacer tu solicitud de ingreso a WOU sin una calificaci\u00f3n de ACT\/SAT. Si tu GPA es menos de 3.0, hay algunos documentos adicionales que necesitas proporcionar para solicitar tu ingreso a WOU. (Presiona el bot\u00f3n de Ingreso a la izquierda.) Los estudiantes pueden ver su GPA en su expediente acad\u00e9mico de la preparatoria o en su boleta de calificaciones m\u00e1s reciente.<\/p>\n<p><strong>Servicios escolares:<span>\u00a0<\/span><\/strong>Todos los asuntos relacionados con clases, expedientes acad\u00e9micos, GPAs, graduaci\u00f3n y otros asuntos del historial acad\u00e9mico se tramitan en esta oficina. Existe de hecho un director de Servicios Escolares, pero cualquier representante del departamento tambi\u00e9n puede contestar tus preguntas.<\/p>\n<p><strong>Expediente acad\u00e9mico:<\/strong><span>\u00a0<\/span>Es una lista de todas tus calificaciones en los cuatro a\u00f1os de preparatoria. Tu orientador(a) de preparatoria te puede conseguir copias oficiales de tu expediente acad\u00e9mico. \u00c9stas vendr\u00e1n en un sobre sellado. \u00a1No lo abras! Las oficinas de ingreso de las universidades no aceptar\u00e1n un sobre de expediente acad\u00e9mico que no est\u00e9 sellado. Algunas preparatorias prefieren enviar los expedientes acad\u00e9micos oficiales directamente a la universidad en la que el estudiante est\u00e1 solicitando ingreso. Pregunta a tu orientador lo que prefiere.<\/p>\n<p><strong>Equidad de colegiaturas:<\/strong><span>\u00a0<\/span>Es una ley que permite exentar del pago de<span>\u00a0<\/span><strong>colegiatura y cuotas<\/strong><span>\u00a0<\/span>para no residentes a estudiantes que no son ciudadanos o residentes permanentes legales de los Estados Unidos y que cumplen con algunos otros requisitos.<\/p>\n<p>[\/et_pb_text][\/et_pb_column][\/et_pb_row][\/et_pb_section][et_pb_section fb_built=&#8221;1&#8243; _builder_version=&#8221;3.22.7&#8243; max_width=&#8221;100%&#8221;][et_pb_row custom_padding=&#8221;41px|0px|36px|0px||true&#8221; custom_margin=&#8221;|||||false&#8221; padding_left_1=&#8221;0px&#8221; _builder_version=&#8221;3.22.7&#8243; width=&#8221;90%&#8221; max_width=&#8221;2560px&#8221;][et_pb_column type=&#8221;4_4&#8243; _builder_version=&#8221;3.22.7&#8243;][et_pb_text _builder_version=&#8221;3.22.7&#8243;]<\/p>\n<h3><strong>C\u00f3mo presentar tu solicitud si eres estudiante de primer ingreso (estudiante del primer a\u00f1o)<\/strong><\/h3>\n<p>Este cronograma te ayudar\u00e1 a mantener el rumbo cuando solicites tu ingreso a WOU.<\/p>\n<ol>\n<li>Pide a tu orientador de preparatoria que env\u00ede un expediente acad\u00e9mico oficial al Departamento de Ingreso de WOU.\u00a0No importa que probablemente s\u00f3lo tenga tus calificaciones hasta tu pen\u00faltimo a\u00f1o de preparatoria. Los expedientes acad\u00e9micos deben enviarse directamente de la escuela a WOU por medio de un sistema electr\u00f3nico (como Parchment) o por correo ordinario a<span>\u00a0<\/span><strong>Admissions<\/strong>, 345 Monmouth Ave. N., Monmouth, OR 97361<\/li>\n<li>Si tu GPA es menos de 3.0, haz que alg\u00fan maestro u orientador env\u00ede una carta de recomendaci\u00f3n por correo electr\u00f3nico a<span>\u00a0<\/span><a href=\"mailto:wolfgram@wou.edu\">wolfgram@wou.edu<\/a><span>\u00a0<\/span>o por correo ordinario a Admissions, 345 Monmouth Ave. N., Monmouth, OR 97361\u00a0<\/li>\n<li>Si tu GPA es menos de 3.0 necesitar\u00e1s enviar a WOU calificaciones de SAT o ACT. Normalmente, \u00e9stas vienen directamente de las compa\u00f1\u00edas que administran las pruebas. Cuando presentaste los ex\u00e1menes debiste haber recibido informaci\u00f3n acerca de c\u00f3mo hacer que env\u00eden tus calificaciones a las universidades.<\/li>\n<li>Si quieres ser considerado para la Beca Presidencial (para personas con altos GPAs y altas calificaciones en ex\u00e1menes), el Programa Honor\u00edfico o Deportes, necesitar\u00e1s presentar tus calificaciones de SAT o ACT.<\/li>\n<li>Despu\u00e9s de graduarte de preparatoria debes entregar un expediente acad\u00e9mico oficial final que incluya tu fecha de graduaci\u00f3n.<\/li>\n<li>Si obtuviste cr\u00e9ditos universitarios antes de empezar en WOU, necesitas presentar un expediente acad\u00e9mico de cada universidad o instituci\u00f3n, aunque no hayas ido ah\u00ed a tomar las clases. Por ejemplo, si tomaste clases en preparatoria en las que obtuviste cr\u00e9ditos universitarios a trav\u00e9s de un colegio comunitario, necesitas un expediente acad\u00e9mico de ese colegio comunitario. Comun\u00edcate con el Departamento de Servicios Escolares de ese colegio o universidad para que env\u00eden una copia de tus expedientes acad\u00e9micos a WOU. Si participaste en Willamette Promise, WOU ya tendr\u00e1 el expediente de los cr\u00e9ditos universitarios que obtuviste.<\/li>\n<\/ol>\n<p><em>Esperamos que este cronograma de Ingreso te sea \u00fatil. Ahora, vamos a ver de qu\u00e9 maneras puedes pagar tus estudios. Presiona el bot\u00f3n de<span>\u00a0<\/span><\/em><strong><em>C\u00f3mo pagar tus estudios<\/em><\/strong><em><span>\u00a0<\/span>arriba para que conozcas sobre la asistencia financiera.<\/em><\/p>\n<p>[\/et_pb_text][et_pb_button button_url=&#8221;https:\/\/wou.edu\/1rageneracion\/como-pagar-tus-estudios\/&#8221; button_text=&#8221;C\u00f3mo pagar tus estudios&#8221; _builder_version=&#8221;3.22.7&#8243; custom_button=&#8221;on&#8221; button_border_radius=&#8221;0px&#8221; button_font=&#8221;||||||||&#8221;][\/et_pb_button][\/et_pb_column][\/et_pb_row][\/et_pb_section]<\/p>\n","protected":false},"excerpt":{"rendered":"<p>Cronograma C\u00f3mo hacer sencillo tu proceso de&#8230;<\/p>\n","protected":false},"author":417,"featured_media":0,"parent":0,"menu_order":0,"comment_status":"closed","ping_status":"closed","template":"splash-page.php","meta":{"_seopress_robots_primary_cat":"","_seopress_titles_title":"Cronograma | Estudiantes de Primera Generaci\u00f3n","_seopress_titles_desc":"","_seopress_robots_index":"","_lmt_disableupdate":"no","_lmt_disable":"","_et_pb_use_builder":"on","_et_pb_old_content":"","_et_gb_content_width":"","footnotes":"","_links_to":"","_links_to_target":""},"class_list":["post-1002","page","type-page","status-publish","hentry"],"_links":{"self":[{"href":"https:\/\/wou.edu\/1rageneracion\/wp-json\/wp\/v2\/pages\/1002","targetHints":{"allow":["GET"]}}],"collection":[{"href":"https:\/\/wou.edu\/1rageneracion\/wp-json\/wp\/v2\/pages"}],"about":[{"href":"https:\/\/wou.edu\/1rageneracion\/wp-json\/wp\/v2\/types\/page"}],"author":[{"embeddable":true,"href":"https:\/\/wou.edu\/1rageneracion\/wp-json\/wp\/v2\/users\/417"}],"replies":[{"embeddable":true,"href":"https:\/\/wou.edu\/1rageneracion\/wp-json\/wp\/v2\/comments?post=1002"}],"version-history":[{"count":1,"href":"https:\/\/wou.edu\/1rageneracion\/wp-json\/wp\/v2\/pages\/1002\/revisions"}],"predecessor-version":[{"id":1222,"href":"https:\/\/wou.edu\/1rageneracion\/wp-json\/wp\/v2\/pages\/1002\/revisions\/1222"}],"wp:attachment":[{"href":"https:\/\/wou.edu\/1rageneracion\/wp-json\/wp\/v2\/media?parent=1002"}],"curies":[{"name":"wp","href":"https:\/\/api.w.org\/{rel}","templated":true}]}}